{"id":11431,"date":"2023-07-23T16:09:52","date_gmt":"2023-07-23T14:09:52","guid":{"rendered":"https:\/\/chiccaworkshop.com\/blog\/store\/?post_type=product&#038;p=11431"},"modified":"2025-01-17T10:53:35","modified_gmt":"2025-01-17T09:53:35","slug":"angelo-rippled-ricamo-a-macchina-3-misure","status":"publish","type":"product","link":"https:\/\/chiccaworkshop.com\/blog\/store\/prodotto\/angelo-rippled-ricamo-a-macchina-3-misure\/","title":{"rendered":"Angelo Rippled &#8211; Ricamo a macchina &#8211; 3 misure"},"content":{"rendered":"<p>Il download digitale comprende il file in diverse estensioni: .pes .xxx .jef .vip .vp3 .dst ,exp<br \/>\nSe hai necessit\u00e0 di altre estensione contattami.<br \/>\nPer qualsiasi domanda, dubbio o ulteriori informazioni, inviatemi un messaggio prima di effettuare l&#8217;acquisto.<br \/>\nData la natura digitale del file di ricamo, nessun rimborso \u00e8 previsto.<br \/>\nNota: questo \u00e8 un file per la macchina da ricamo, non per il ricamo a mano.<br \/>\nBisogna disporre di una macchina da ricamo e di un metodo per trasferire i files di progettazione alla macchina per utilizzare questo disegno. \u00c8 necessario disporre anche di software per estrarre i file zippati.<br \/>\nHo disegnato e digitalizzato il file interamente a mano, e ne detengo la piena propriet\u00e0, pu\u00f2 essere utilizzato su oggetti personali o destinati alla vendita, ma \u00e8 PROIBITO commercializzarlo, condividerlo o includerlo in qualsiasi progetto destinato alla vendita.<\/p>\n<p>Grazie per il tuo acquisto nel mio Store!<\/p>\n<p>Laura<\/p>\n<p>Seguimi anche attraverso i miei canali:<\/p>\n<p><a href=\"https:\/\/www.facebook.com\/chiccaworkshop\/\" target=\"_blank\" rel=\"noopener noreferrer\">Facebook<\/a> \u2013 <a href=\"https:\/\/www.instagram.com\/lafataligure\/\" target=\"_blank\" rel=\"noopener noreferrer\">Instagram<\/a> \u2013\u00a0 <a href=\"https:\/\/it.pinterest.com\/lafataligure\/\" target=\"_blank\" rel=\"noopener noreferrer\">Pinterest<\/a> \u2013 <a href=\"https:\/\/youtu.be\/SD2tXKNgsBo\" target=\"_blank\" rel=\"noopener noreferrer\" data-rel=\"lightbox-video-0\">Yotube<\/a><\/p>\n","protected":false},"excerpt":{"rendered":"<p>Un dolcissimo angelo digitalizzato con tecnica rippled<\/p>\n<p>Adatto ai telai 13&#215;18 &#8211; 16&#215;26 e 20&#215;30<\/p>\n<p>Scorri la pagina per i dettagli<\/p>\n","protected":false},"featured_media":11434,"comment_status":"open","ping_status":"closed","template":"","meta":{"_uf_show_specific_survey":0,"_uf_disable_surveys":false},"product_brand":[],"product_cat":[20],"product_tag":[886,700,477,699,196,27],"class_list":{"0":"post-11431","1":"product","2":"type-product","3":"status-publish","4":"has-post-thumbnail","6":"product_cat-ricami-a-macchina","7":"product_tag-angelo-rippled","8":"product_tag-bimbo-sulla-luna","9":"product_tag-coordinato-culla","10":"product_tag-corredino-baby","11":"product_tag-machine-embroidery","12":"product_tag-ricamo-a-macchina","14":"first","15":"instock","16":"downloadable","17":"virtual","18":"purchasable","19":"product-type-simple"},"yoast_head":"<!-- This site is optimized with the Yoast SEO plugin v22.2 - https:\/\/yoast.com\/wordpress\/plugins\/seo\/ -->\n<title>Angelo Rippled - Ricamo a macchina - 3 misure<\/title>\n<meta name=\"description\" content=\"Angelo Rippled - Ricamo a macchina - 3 misure\" \/>\n<meta name=\"robots\" content=\"index, follow, max-snippet:-1, max-image-preview:large, max-video-preview:-1\" \/>\n<link rel=\"canonical\" href=\"https:\/\/chiccaworkshop.com\/blog\/store\/prodotto\/angelo-rippled-ricamo-a-macchina-3-misure\/\" \/>\n<meta property=\"og:locale\" content=\"it_IT\" \/>\n<meta property=\"og:type\" content=\"article\" \/>\n<meta property=\"og:title\" content=\"Angelo Rippled - Ricamo a macchina - 3 misure\" \/>\n<meta property=\"og:description\" content=\"Angelo Rippled - Ricamo a macchina - 3 misure\" \/>\n<meta property=\"og:url\" content=\"https:\/\/chiccaworkshop.com\/blog\/store\/prodotto\/angelo-rippled-ricamo-a-macchina-3-misure\/\" \/>\n<meta property=\"og:site_name\" content=\"CHICCAWORKSHOP STORE\" \/>\n<meta property=\"article:publisher\" content=\"https:\/\/www.facebook.com\/chiccaworkshop\/\" \/>\n<meta property=\"article:modified_time\" content=\"2025-01-17T09:53:35+00:00\" \/>\n<meta property=\"og:image\" content=\"https:\/\/chiccaworkshop.com\/blog\/store\/wp-content\/uploads\/sites\/2\/2023\/07\/angelo-rippled-adv.jpg\" \/>\n\t<meta property=\"og:image:width\" content=\"1500\" \/>\n\t<meta property=\"og:image:height\" content=\"1000\" \/>\n\t<meta property=\"og:image:type\" content=\"image\/jpeg\" \/>\n<meta name=\"twitter:card\" content=\"summary_large_image\" \/>\n<meta name=\"twitter:site\" content=\"@chiccaworkshop\" \/>\n<meta name=\"twitter:label1\" content=\"Tempo di lettura stimato\" \/>\n\t<meta name=\"twitter:data1\" content=\"1 minuto\" \/>\n<script type=\"application\/ld+json\" class=\"yoast-schema-graph\">{\"@context\":\"https:\/\/schema.org\",\"@graph\":[{\"@type\":\"WebPage\",\"@id\":\"https:\/\/chiccaworkshop.com\/blog\/store\/prodotto\/angelo-rippled-ricamo-a-macchina-3-misure\/\",\"url\":\"https:\/\/chiccaworkshop.com\/blog\/store\/prodotto\/angelo-rippled-ricamo-a-macchina-3-misure\/\",\"name\":\"Angelo Rippled - Ricamo a macchina - 3 misure\",\"isPartOf\":{\"@id\":\"https:\/\/chiccaworkshop.com\/blog\/store\/#website\"},\"primaryImageOfPage\":{\"@id\":\"https:\/\/chiccaworkshop.com\/blog\/store\/prodotto\/angelo-rippled-ricamo-a-macchina-3-misure\/#primaryimage\"},\"image\":{\"@id\":\"https:\/\/chiccaworkshop.com\/blog\/store\/prodotto\/angelo-rippled-ricamo-a-macchina-3-misure\/#primaryimage\"},\"thumbnailUrl\":\"https:\/\/i0.wp.com\/chiccaworkshop.com\/blog\/store\/wp-content\/uploads\/sites\/2\/2023\/07\/angelo-rippled-adv.jpg?fit=1500%2C1000&ssl=1\",\"datePublished\":\"2023-07-23T14:09:52+00:00\",\"dateModified\":\"2025-01-17T09:53:35+00:00\",\"description\":\"Angelo Rippled - Ricamo a macchina - 3 misure\",\"breadcrumb\":{\"@id\":\"https:\/\/chiccaworkshop.com\/blog\/store\/prodotto\/angelo-rippled-ricamo-a-macchina-3-misure\/#breadcrumb\"},\"inLanguage\":\"it-IT\",\"potentialAction\":[{\"@type\":\"ReadAction\",\"target\":[\"https:\/\/chiccaworkshop.com\/blog\/store\/prodotto\/angelo-rippled-ricamo-a-macchina-3-misure\/\"]}]},{\"@type\":\"ImageObject\",\"inLanguage\":\"it-IT\",\"@id\":\"https:\/\/chiccaworkshop.com\/blog\/store\/prodotto\/angelo-rippled-ricamo-a-macchina-3-misure\/#primaryimage\",\"url\":\"https:\/\/i0.wp.com\/chiccaworkshop.com\/blog\/store\/wp-content\/uploads\/sites\/2\/2023\/07\/angelo-rippled-adv.jpg?fit=1500%2C1000&ssl=1\",\"contentUrl\":\"https:\/\/i0.wp.com\/chiccaworkshop.com\/blog\/store\/wp-content\/uploads\/sites\/2\/2023\/07\/angelo-rippled-adv.jpg?fit=1500%2C1000&ssl=1\",\"width\":1500,\"height\":1000},{\"@type\":\"BreadcrumbList\",\"@id\":\"https:\/\/chiccaworkshop.com\/blog\/store\/prodotto\/angelo-rippled-ricamo-a-macchina-3-misure\/#breadcrumb\",\"itemListElement\":[{\"@type\":\"ListItem\",\"position\":1,\"name\":\"Home\",\"item\":\"https:\/\/chiccaworkshop.com\/blog\/store\/\"},{\"@type\":\"ListItem\",\"position\":2,\"name\":\"Shop\",\"item\":\"https:\/\/chiccaworkshop.com\/blog\/store\/negozio\/\"},{\"@type\":\"ListItem\",\"position\":3,\"name\":\"Angelo Rippled &#8211; Ricamo a macchina &#8211; 3 misure\"}]},{\"@type\":\"WebSite\",\"@id\":\"https:\/\/chiccaworkshop.com\/blog\/store\/#website\",\"url\":\"https:\/\/chiccaworkshop.com\/blog\/store\/\",\"name\":\"CHICCAWORKSHOP STORE\",\"description\":\"CHIACCAWORKSHOP STORE\",\"publisher\":{\"@id\":\"https:\/\/chiccaworkshop.com\/blog\/store\/#\/schema\/person\/9ef63677b7feef152a7042148a1886e9\"},\"potentialAction\":[{\"@type\":\"SearchAction\",\"target\":{\"@type\":\"EntryPoint\",\"urlTemplate\":\"https:\/\/chiccaworkshop.com\/blog\/store\/?s={search_term_string}\"},\"query-input\":\"required name=search_term_string\"}],\"inLanguage\":\"it-IT\"},{\"@type\":[\"Person\",\"Organization\"],\"@id\":\"https:\/\/chiccaworkshop.com\/blog\/store\/#\/schema\/person\/9ef63677b7feef152a7042148a1886e9\",\"name\":\"CHICCA\",\"image\":{\"@type\":\"ImageObject\",\"inLanguage\":\"it-IT\",\"@id\":\"https:\/\/chiccaworkshop.com\/blog\/store\/#\/schema\/person\/image\/\",\"url\":\"https:\/\/i0.wp.com\/chiccaworkshop.com\/blog\/store\/wp-content\/uploads\/sites\/2\/2017\/09\/store-nero.png?fit=446%2C108&ssl=1\",\"contentUrl\":\"https:\/\/i0.wp.com\/chiccaworkshop.com\/blog\/store\/wp-content\/uploads\/sites\/2\/2017\/09\/store-nero.png?fit=446%2C108&ssl=1\",\"width\":446,\"height\":108,\"caption\":\"CHICCA\"},\"logo\":{\"@id\":\"https:\/\/chiccaworkshop.com\/blog\/store\/#\/schema\/person\/image\/\"},\"sameAs\":[\"https:\/\/chiccaworkshop.com\/blog\",\"https:\/\/www.facebook.com\/chiccaworkshop\/\",\"https:\/\/www.instagram.com\/chiccaworkshop\/\",\"https:\/\/www.pinterest.it\/chiccaworkshop\/\",\"https:\/\/twitter.com\/chiccaworkshop\",\"https:\/\/www.youtube.com\/channel\/UCapT3yDiMNoVj85UamYMWYg?view_as=subscriber\"]}]}<\/script>\n<!-- \/ Yoast SEO plugin. -->","yoast_head_json":{"title":"Angelo Rippled - Ricamo a macchina - 3 misure","description":"Angelo Rippled - Ricamo a macchina - 3 misure","robots":{"index":"index","follow":"follow","max-snippet":"max-snippet:-1","max-image-preview":"max-image-preview:large","max-video-preview":"max-video-preview:-1"},"canonical":"https:\/\/chiccaworkshop.com\/blog\/store\/prodotto\/angelo-rippled-ricamo-a-macchina-3-misure\/","og_locale":"it_IT","og_type":"article","og_title":"Angelo Rippled - Ricamo a macchina - 3 misure","og_description":"Angelo Rippled - Ricamo a macchina - 3 misure","og_url":"https:\/\/chiccaworkshop.com\/blog\/store\/prodotto\/angelo-rippled-ricamo-a-macchina-3-misure\/","og_site_name":"CHICCAWORKSHOP STORE","article_publisher":"https:\/\/www.facebook.com\/chiccaworkshop\/","article_modified_time":"2025-01-17T09:53:35+00:00","og_image":[{"width":1500,"height":1000,"url":"https:\/\/chiccaworkshop.com\/blog\/store\/wp-content\/uploads\/sites\/2\/2023\/07\/angelo-rippled-adv.jpg","type":"image\/jpeg"}],"twitter_card":"summary_large_image","twitter_site":"@chiccaworkshop","twitter_misc":{"Tempo di lettura stimato":"1 minuto"},"schema":{"@context":"https:\/\/schema.org","@graph":[{"@type":"WebPage","@id":"https:\/\/chiccaworkshop.com\/blog\/store\/prodotto\/angelo-rippled-ricamo-a-macchina-3-misure\/","url":"https:\/\/chiccaworkshop.com\/blog\/store\/prodotto\/angelo-rippled-ricamo-a-macchina-3-misure\/","name":"Angelo Rippled - Ricamo a macchina - 3 misure","isPartOf":{"@id":"https:\/\/chiccaworkshop.com\/blog\/store\/#website"},"primaryImageOfPage":{"@id":"https:\/\/chiccaworkshop.com\/blog\/store\/prodotto\/angelo-rippled-ricamo-a-macchina-3-misure\/#primaryimage"},"image":{"@id":"https:\/\/chiccaworkshop.com\/blog\/store\/prodotto\/angelo-rippled-ricamo-a-macchina-3-misure\/#primaryimage"},"thumbnailUrl":"https:\/\/i0.wp.com\/chiccaworkshop.com\/blog\/store\/wp-content\/uploads\/sites\/2\/2023\/07\/angelo-rippled-adv.jpg?fit=1500%2C1000&ssl=1","datePublished":"2023-07-23T14:09:52+00:00","dateModified":"2025-01-17T09:53:35+00:00","description":"Angelo Rippled - Ricamo a macchina - 3 misure","breadcrumb":{"@id":"https:\/\/chiccaworkshop.com\/blog\/store\/prodotto\/angelo-rippled-ricamo-a-macchina-3-misure\/#breadcrumb"},"inLanguage":"it-IT","potentialAction":[{"@type":"ReadAction","target":["https:\/\/chiccaworkshop.com\/blog\/store\/prodotto\/angelo-rippled-ricamo-a-macchina-3-misure\/"]}]},{"@type":"ImageObject","inLanguage":"it-IT","@id":"https:\/\/chiccaworkshop.com\/blog\/store\/prodotto\/angelo-rippled-ricamo-a-macchina-3-misure\/#primaryimage","url":"https:\/\/i0.wp.com\/chiccaworkshop.com\/blog\/store\/wp-content\/uploads\/sites\/2\/2023\/07\/angelo-rippled-adv.jpg?fit=1500%2C1000&ssl=1","contentUrl":"https:\/\/i0.wp.com\/chiccaworkshop.com\/blog\/store\/wp-content\/uploads\/sites\/2\/2023\/07\/angelo-rippled-adv.jpg?fit=1500%2C1000&ssl=1","width":1500,"height":1000},{"@type":"BreadcrumbList","@id":"https:\/\/chiccaworkshop.com\/blog\/store\/prodotto\/angelo-rippled-ricamo-a-macchina-3-misure\/#breadcrumb","itemListElement":[{"@type":"ListItem","position":1,"name":"Home","item":"https:\/\/chiccaworkshop.com\/blog\/store\/"},{"@type":"ListItem","position":2,"name":"Shop","item":"https:\/\/chiccaworkshop.com\/blog\/store\/negozio\/"},{"@type":"ListItem","position":3,"name":"Angelo Rippled &#8211; Ricamo a macchina &#8211; 3 misure"}]},{"@type":"WebSite","@id":"https:\/\/chiccaworkshop.com\/blog\/store\/#website","url":"https:\/\/chiccaworkshop.com\/blog\/store\/","name":"CHICCAWORKSHOP STORE","description":"CHIACCAWORKSHOP STORE","publisher":{"@id":"https:\/\/chiccaworkshop.com\/blog\/store\/#\/schema\/person\/9ef63677b7feef152a7042148a1886e9"},"potentialAction":[{"@type":"SearchAction","target":{"@type":"EntryPoint","urlTemplate":"https:\/\/chiccaworkshop.com\/blog\/store\/?s={search_term_string}"},"query-input":"required name=search_term_string"}],"inLanguage":"it-IT"},{"@type":["Person","Organization"],"@id":"https:\/\/chiccaworkshop.com\/blog\/store\/#\/schema\/person\/9ef63677b7feef152a7042148a1886e9","name":"CHICCA","image":{"@type":"ImageObject","inLanguage":"it-IT","@id":"https:\/\/chiccaworkshop.com\/blog\/store\/#\/schema\/person\/image\/","url":"https:\/\/i0.wp.com\/chiccaworkshop.com\/blog\/store\/wp-content\/uploads\/sites\/2\/2017\/09\/store-nero.png?fit=446%2C108&ssl=1","contentUrl":"https:\/\/i0.wp.com\/chiccaworkshop.com\/blog\/store\/wp-content\/uploads\/sites\/2\/2017\/09\/store-nero.png?fit=446%2C108&ssl=1","width":446,"height":108,"caption":"CHICCA"},"logo":{"@id":"https:\/\/chiccaworkshop.com\/blog\/store\/#\/schema\/person\/image\/"},"sameAs":["https:\/\/chiccaworkshop.com\/blog","https:\/\/www.facebook.com\/chiccaworkshop\/","https:\/\/www.instagram.com\/chiccaworkshop\/","https:\/\/www.pinterest.it\/chiccaworkshop\/","https:\/\/twitter.com\/chiccaworkshop","https:\/\/www.youtube.com\/channel\/UCapT3yDiMNoVj85UamYMWYg?view_as=subscriber"]}]}},"jetpack_sharing_enabled":true,"jetpack-related-posts":[],"jetpack_likes_enabled":true,"_links":{"self":[{"href":"https:\/\/chiccaworkshop.com\/blog\/store\/wp-json\/wp\/v2\/product\/11431","targetHints":{"allow":["GET"]}}],"collection":[{"href":"https:\/\/chiccaworkshop.com\/blog\/store\/wp-json\/wp\/v2\/product"}],"about":[{"href":"https:\/\/chiccaworkshop.com\/blog\/store\/wp-json\/wp\/v2\/types\/product"}],"replies":[{"embeddable":true,"href":"https:\/\/chiccaworkshop.com\/blog\/store\/wp-json\/wp\/v2\/comments?post=11431"}],"wp:featuredmedia":[{"embeddable":true,"href":"https:\/\/chiccaworkshop.com\/blog\/store\/wp-json\/wp\/v2\/media\/11434"}],"wp:attachment":[{"href":"https:\/\/chiccaworkshop.com\/blog\/store\/wp-json\/wp\/v2\/media?parent=11431"}],"wp:term":[{"taxonomy":"product_brand","embeddable":true,"href":"https:\/\/chiccaworkshop.com\/blog\/store\/wp-json\/wp\/v2\/product_brand?post=11431"},{"taxonomy":"product_cat","embeddable":true,"href":"https:\/\/chiccaworkshop.com\/blog\/store\/wp-json\/wp\/v2\/product_cat?post=11431"},{"taxonomy":"product_tag","embeddable":true,"href":"https:\/\/chiccaworkshop.com\/blog\/store\/wp-json\/wp\/v2\/product_tag?post=11431"}],"curies":[{"name":"wp","href":"https:\/\/api.w.org\/{rel}","templated":true}]}}