{"id":12380,"date":"2025-02-23T18:14:02","date_gmt":"2025-02-23T17:14:02","guid":{"rendered":"https:\/\/chiccaworkshop.com\/blog\/store\/?post_type=product&#038;p=12380"},"modified":"2025-02-23T18:37:35","modified_gmt":"2025-02-23T17:37:35","slug":"ith-porta-ovetti-coniglio-ricamo-a-macchina-con-tutorial","status":"publish","type":"product","link":"https:\/\/chiccaworkshop.com\/blog\/store\/prodotto\/ith-porta-ovetti-coniglio-ricamo-a-macchina-con-tutorial\/","title":{"rendered":"ITH Porta ovetti &#8211; Coniglio &#8211; Ricamo a macchina con tutorial"},"content":{"rendered":"<p>Il download dei file \u00e8 subito disponibile dopo aver completato l&#8217;acquisto e comprende i files in formato .pes .dst .vp3 .jef .hus .xxx .exp ed un tutorial fotografico in formato .pdf<\/p>\n<p>Per qualsiasi domanda, dubbio o ulteriori informazioni, inviami un messaggio prima di effettuare l&#8217;acquisto.<\/p>\n<p>Data la natura digitale del file di ricamo, nessun rimborso \u00e8 previsto.<\/p>\n<p>Nota: questo \u00e8 un file per la macchina da ricamo, non per il ricamo a mano.<\/p>\n<p>Bisogna disporre di una macchina da ricamo e di un metodo per trasferire i files di progettazione alla macchina per utilizzare questo disegno. \u00c8 necessario disporre anche di software per estrarre i file zippati.<\/p>\n<p>Ho disegnato e digitalizzato il file interamente a mano, e ne detengo la piena propriet\u00e0, pu\u00f2 essere utilizzato su oggetti personali o destinati alla vendita, ma \u00e8 PROIBITO commercializzarlo, condividerlo o includerlo in qualsiasi progetto destinato alla vendita.<\/p>\n<p>Non esitare a contattarmi per qualsiasi esigenza.<\/p>\n<p>Grazie per il tuo acquisto nel mio Store!<\/p>\n<p>Laura<\/p>\n<p>Seguimi anche attraverso i miei canali:<\/p>\n<p><a href=\"https:\/\/www.facebook.com\/chiccaworkshop\/\" target=\"_blank\" rel=\"noopener noreferrer\">Facebook<\/a> \u2013 <a href=\"https:\/\/www.instagram.com\/lafataligure\/\" target=\"_blank\" rel=\"noopener noreferrer\">Instagram<\/a> \u2013\u00a0 <a href=\"https:\/\/it.pinterest.com\/lafataligure\/\" target=\"_blank\" rel=\"noopener noreferrer\">Pinterest<\/a> \u2013 <a href=\"https:\/\/youtu.be\/SD2tXKNgsBo\" target=\"_blank\" rel=\"noopener noreferrer\" data-rel=\"lightbox-video-0\">Yotube<\/a><\/p>\n","protected":false},"excerpt":{"rendered":"<p>Per la gioia dei pi\u00f9 piccini ecco una simpatico pulcino porta ovetti<\/p>\n<p>Di facile esecuzione e di sicuro effetto, si lavora nel telaio della ricamatrice con la tecnica ITH (in the hoop) progettato per i seguenti telai: 16&#215;26 -20&#215;30<\/p>\n<p>Insieme ai files da ricamo riceverai il tutorial fotografico con le istruzioni<\/p>\n<p>Scorri la pagina per i dettagli<\/p>\n<p><iframe loading=\"lazy\" title=\"ITH Porta Ovetti - Ricamo a macchina\" src=\"https:\/\/www.youtube.com\/embed\/MS5oS9UsAxc\" width=\"425\" height=\"500\" frameborder=\"0\" allowfullscreen=\"allowfullscreen\"><\/iframe><\/p>\n","protected":false},"featured_media":12377,"comment_status":"open","ping_status":"closed","template":"","meta":{"_uf_show_specific_survey":0,"_uf_disable_surveys":false},"product_brand":[],"product_cat":[736,20,38],"product_tag":[741,284,742,739,740,1108,27,176],"class_list":{"0":"post-12380","1":"product","2":"type-product","3":"status-publish","4":"has-post-thumbnail","6":"product_cat-pasqua","7":"product_cat-ricami-a-macchina","8":"product_cat-ricami-ith","9":"product_tag-coniglio-porta-ovetti","10":"product_tag-in-the-hoop","11":"product_tag-pecorella-porta-ovetti","12":"product_tag-porta-ovetti","13":"product_tag-pulcino-porta-ovetti","14":"product_tag-regali-pasqua","15":"product_tag-ricamo-a-macchina","16":"product_tag-uova-di-pasqua","18":"first","19":"instock","20":"downloadable","21":"virtual","22":"purchasable","23":"product-type-simple"},"yoast_head":"<!-- This site is optimized with the Yoast SEO plugin v22.2 - https:\/\/yoast.com\/wordpress\/plugins\/seo\/ -->\n<title>ITH Porta ovetti - Coniglio - Ricamo a macchina con tutorial<\/title>\n<meta name=\"description\" content=\"ITH Pulcino Porta ovetti - Ricamo a macchina con tutorial - Per la gioia dei pi\u00f9 piccini ecco un delizioso porta ovetti adatto anche come segnaposto\" \/>\n<meta name=\"robots\" content=\"index, follow, max-snippet:-1, max-image-preview:large, max-video-preview:-1\" \/>\n<link rel=\"canonical\" href=\"https:\/\/chiccaworkshop.com\/blog\/store\/prodotto\/ith-porta-ovetti-coniglio-ricamo-a-macchina-con-tutorial\/\" \/>\n<meta property=\"og:locale\" content=\"it_IT\" \/>\n<meta property=\"og:type\" content=\"article\" \/>\n<meta property=\"og:title\" content=\"ITH Porta ovetti - Coniglio - Ricamo a macchina con tutorial\" \/>\n<meta property=\"og:description\" content=\"ITH Pulcino Porta ovetti - Ricamo a macchina con tutorial - Per la gioia dei pi\u00f9 piccini ecco un delizioso porta ovetti adatto anche come segnaposto\" \/>\n<meta property=\"og:url\" content=\"https:\/\/chiccaworkshop.com\/blog\/store\/prodotto\/ith-porta-ovetti-coniglio-ricamo-a-macchina-con-tutorial\/\" \/>\n<meta property=\"og:site_name\" content=\"CHICCAWORKSHOP STORE\" \/>\n<meta property=\"article:publisher\" content=\"https:\/\/www.facebook.com\/chiccaworkshop\/\" \/>\n<meta property=\"article:modified_time\" content=\"2025-02-23T17:37:35+00:00\" \/>\n<meta property=\"og:image\" content=\"https:\/\/chiccaworkshop.com\/blog\/store\/wp-content\/uploads\/sites\/2\/2025\/02\/ith-portaovetti-coniglio-adv.jpg\" \/>\n\t<meta property=\"og:image:width\" content=\"1500\" \/>\n\t<meta property=\"og:image:height\" content=\"1000\" \/>\n\t<meta property=\"og:image:type\" content=\"image\/jpeg\" \/>\n<meta name=\"twitter:card\" content=\"summary_large_image\" \/>\n<meta name=\"twitter:site\" content=\"@chiccaworkshop\" \/>\n<meta name=\"twitter:label1\" content=\"Tempo di lettura stimato\" \/>\n\t<meta name=\"twitter:data1\" content=\"2 minuti\" \/>\n<script type=\"application\/ld+json\" class=\"yoast-schema-graph\">{\"@context\":\"https:\/\/schema.org\",\"@graph\":[{\"@type\":\"WebPage\",\"@id\":\"https:\/\/chiccaworkshop.com\/blog\/store\/prodotto\/ith-porta-ovetti-coniglio-ricamo-a-macchina-con-tutorial\/\",\"url\":\"https:\/\/chiccaworkshop.com\/blog\/store\/prodotto\/ith-porta-ovetti-coniglio-ricamo-a-macchina-con-tutorial\/\",\"name\":\"ITH Porta ovetti - Coniglio - Ricamo a macchina con tutorial\",\"isPartOf\":{\"@id\":\"https:\/\/chiccaworkshop.com\/blog\/store\/#website\"},\"primaryImageOfPage\":{\"@id\":\"https:\/\/chiccaworkshop.com\/blog\/store\/prodotto\/ith-porta-ovetti-coniglio-ricamo-a-macchina-con-tutorial\/#primaryimage\"},\"image\":{\"@id\":\"https:\/\/chiccaworkshop.com\/blog\/store\/prodotto\/ith-porta-ovetti-coniglio-ricamo-a-macchina-con-tutorial\/#primaryimage\"},\"thumbnailUrl\":\"https:\/\/i0.wp.com\/chiccaworkshop.com\/blog\/store\/wp-content\/uploads\/sites\/2\/2025\/02\/ith-portaovetti-coniglio-adv.jpg?fit=1500%2C1000&ssl=1\",\"datePublished\":\"2025-02-23T17:14:02+00:00\",\"dateModified\":\"2025-02-23T17:37:35+00:00\",\"description\":\"ITH Pulcino Porta ovetti - Ricamo a macchina con tutorial - Per la gioia dei pi\u00f9 piccini ecco un delizioso porta ovetti adatto anche come segnaposto\",\"breadcrumb\":{\"@id\":\"https:\/\/chiccaworkshop.com\/blog\/store\/prodotto\/ith-porta-ovetti-coniglio-ricamo-a-macchina-con-tutorial\/#breadcrumb\"},\"inLanguage\":\"it-IT\",\"potentialAction\":[{\"@type\":\"ReadAction\",\"target\":[\"https:\/\/chiccaworkshop.com\/blog\/store\/prodotto\/ith-porta-ovetti-coniglio-ricamo-a-macchina-con-tutorial\/\"]}]},{\"@type\":\"ImageObject\",\"inLanguage\":\"it-IT\",\"@id\":\"https:\/\/chiccaworkshop.com\/blog\/store\/prodotto\/ith-porta-ovetti-coniglio-ricamo-a-macchina-con-tutorial\/#primaryimage\",\"url\":\"https:\/\/i0.wp.com\/chiccaworkshop.com\/blog\/store\/wp-content\/uploads\/sites\/2\/2025\/02\/ith-portaovetti-coniglio-adv.jpg?fit=1500%2C1000&ssl=1\",\"contentUrl\":\"https:\/\/i0.wp.com\/chiccaworkshop.com\/blog\/store\/wp-content\/uploads\/sites\/2\/2025\/02\/ith-portaovetti-coniglio-adv.jpg?fit=1500%2C1000&ssl=1\",\"width\":1500,\"height\":1000},{\"@type\":\"BreadcrumbList\",\"@id\":\"https:\/\/chiccaworkshop.com\/blog\/store\/prodotto\/ith-porta-ovetti-coniglio-ricamo-a-macchina-con-tutorial\/#breadcrumb\",\"itemListElement\":[{\"@type\":\"ListItem\",\"position\":1,\"name\":\"Home\",\"item\":\"https:\/\/chiccaworkshop.com\/blog\/store\/\"},{\"@type\":\"ListItem\",\"position\":2,\"name\":\"Shop\",\"item\":\"https:\/\/chiccaworkshop.com\/blog\/store\/negozio\/\"},{\"@type\":\"ListItem\",\"position\":3,\"name\":\"ITH Porta ovetti &#8211; Coniglio &#8211; Ricamo a macchina con tutorial\"}]},{\"@type\":\"WebSite\",\"@id\":\"https:\/\/chiccaworkshop.com\/blog\/store\/#website\",\"url\":\"https:\/\/chiccaworkshop.com\/blog\/store\/\",\"name\":\"CHICCAWORKSHOP STORE\",\"description\":\"CHIACCAWORKSHOP STORE\",\"publisher\":{\"@id\":\"https:\/\/chiccaworkshop.com\/blog\/store\/#\/schema\/person\/9ef63677b7feef152a7042148a1886e9\"},\"potentialAction\":[{\"@type\":\"SearchAction\",\"target\":{\"@type\":\"EntryPoint\",\"urlTemplate\":\"https:\/\/chiccaworkshop.com\/blog\/store\/?s={search_term_string}\"},\"query-input\":\"required name=search_term_string\"}],\"inLanguage\":\"it-IT\"},{\"@type\":[\"Person\",\"Organization\"],\"@id\":\"https:\/\/chiccaworkshop.com\/blog\/store\/#\/schema\/person\/9ef63677b7feef152a7042148a1886e9\",\"name\":\"CHICCA\",\"image\":{\"@type\":\"ImageObject\",\"inLanguage\":\"it-IT\",\"@id\":\"https:\/\/chiccaworkshop.com\/blog\/store\/#\/schema\/person\/image\/\",\"url\":\"https:\/\/i0.wp.com\/chiccaworkshop.com\/blog\/store\/wp-content\/uploads\/sites\/2\/2017\/09\/store-nero.png?fit=446%2C108&ssl=1\",\"contentUrl\":\"https:\/\/i0.wp.com\/chiccaworkshop.com\/blog\/store\/wp-content\/uploads\/sites\/2\/2017\/09\/store-nero.png?fit=446%2C108&ssl=1\",\"width\":446,\"height\":108,\"caption\":\"CHICCA\"},\"logo\":{\"@id\":\"https:\/\/chiccaworkshop.com\/blog\/store\/#\/schema\/person\/image\/\"},\"sameAs\":[\"https:\/\/chiccaworkshop.com\/blog\",\"https:\/\/www.facebook.com\/chiccaworkshop\/\",\"https:\/\/www.instagram.com\/chiccaworkshop\/\",\"https:\/\/www.pinterest.it\/chiccaworkshop\/\",\"https:\/\/twitter.com\/chiccaworkshop\",\"https:\/\/www.youtube.com\/channel\/UCapT3yDiMNoVj85UamYMWYg?view_as=subscriber\"]}]}<\/script>\n<!-- \/ Yoast SEO plugin. -->","yoast_head_json":{"title":"ITH Porta ovetti - Coniglio - Ricamo a macchina con tutorial","description":"ITH Pulcino Porta ovetti - Ricamo a macchina con tutorial - Per la gioia dei pi\u00f9 piccini ecco un delizioso porta ovetti adatto anche come segnaposto","robots":{"index":"index","follow":"follow","max-snippet":"max-snippet:-1","max-image-preview":"max-image-preview:large","max-video-preview":"max-video-preview:-1"},"canonical":"https:\/\/chiccaworkshop.com\/blog\/store\/prodotto\/ith-porta-ovetti-coniglio-ricamo-a-macchina-con-tutorial\/","og_locale":"it_IT","og_type":"article","og_title":"ITH Porta ovetti - Coniglio - Ricamo a macchina con tutorial","og_description":"ITH Pulcino Porta ovetti - Ricamo a macchina con tutorial - Per la gioia dei pi\u00f9 piccini ecco un delizioso porta ovetti adatto anche come segnaposto","og_url":"https:\/\/chiccaworkshop.com\/blog\/store\/prodotto\/ith-porta-ovetti-coniglio-ricamo-a-macchina-con-tutorial\/","og_site_name":"CHICCAWORKSHOP STORE","article_publisher":"https:\/\/www.facebook.com\/chiccaworkshop\/","article_modified_time":"2025-02-23T17:37:35+00:00","og_image":[{"width":1500,"height":1000,"url":"https:\/\/chiccaworkshop.com\/blog\/store\/wp-content\/uploads\/sites\/2\/2025\/02\/ith-portaovetti-coniglio-adv.jpg","type":"image\/jpeg"}],"twitter_card":"summary_large_image","twitter_site":"@chiccaworkshop","twitter_misc":{"Tempo di lettura stimato":"2 minuti"},"schema":{"@context":"https:\/\/schema.org","@graph":[{"@type":"WebPage","@id":"https:\/\/chiccaworkshop.com\/blog\/store\/prodotto\/ith-porta-ovetti-coniglio-ricamo-a-macchina-con-tutorial\/","url":"https:\/\/chiccaworkshop.com\/blog\/store\/prodotto\/ith-porta-ovetti-coniglio-ricamo-a-macchina-con-tutorial\/","name":"ITH Porta ovetti - Coniglio - Ricamo a macchina con tutorial","isPartOf":{"@id":"https:\/\/chiccaworkshop.com\/blog\/store\/#website"},"primaryImageOfPage":{"@id":"https:\/\/chiccaworkshop.com\/blog\/store\/prodotto\/ith-porta-ovetti-coniglio-ricamo-a-macchina-con-tutorial\/#primaryimage"},"image":{"@id":"https:\/\/chiccaworkshop.com\/blog\/store\/prodotto\/ith-porta-ovetti-coniglio-ricamo-a-macchina-con-tutorial\/#primaryimage"},"thumbnailUrl":"https:\/\/i0.wp.com\/chiccaworkshop.com\/blog\/store\/wp-content\/uploads\/sites\/2\/2025\/02\/ith-portaovetti-coniglio-adv.jpg?fit=1500%2C1000&ssl=1","datePublished":"2025-02-23T17:14:02+00:00","dateModified":"2025-02-23T17:37:35+00:00","description":"ITH Pulcino Porta ovetti - Ricamo a macchina con tutorial - Per la gioia dei pi\u00f9 piccini ecco un delizioso porta ovetti adatto anche come segnaposto","breadcrumb":{"@id":"https:\/\/chiccaworkshop.com\/blog\/store\/prodotto\/ith-porta-ovetti-coniglio-ricamo-a-macchina-con-tutorial\/#breadcrumb"},"inLanguage":"it-IT","potentialAction":[{"@type":"ReadAction","target":["https:\/\/chiccaworkshop.com\/blog\/store\/prodotto\/ith-porta-ovetti-coniglio-ricamo-a-macchina-con-tutorial\/"]}]},{"@type":"ImageObject","inLanguage":"it-IT","@id":"https:\/\/chiccaworkshop.com\/blog\/store\/prodotto\/ith-porta-ovetti-coniglio-ricamo-a-macchina-con-tutorial\/#primaryimage","url":"https:\/\/i0.wp.com\/chiccaworkshop.com\/blog\/store\/wp-content\/uploads\/sites\/2\/2025\/02\/ith-portaovetti-coniglio-adv.jpg?fit=1500%2C1000&ssl=1","contentUrl":"https:\/\/i0.wp.com\/chiccaworkshop.com\/blog\/store\/wp-content\/uploads\/sites\/2\/2025\/02\/ith-portaovetti-coniglio-adv.jpg?fit=1500%2C1000&ssl=1","width":1500,"height":1000},{"@type":"BreadcrumbList","@id":"https:\/\/chiccaworkshop.com\/blog\/store\/prodotto\/ith-porta-ovetti-coniglio-ricamo-a-macchina-con-tutorial\/#breadcrumb","itemListElement":[{"@type":"ListItem","position":1,"name":"Home","item":"https:\/\/chiccaworkshop.com\/blog\/store\/"},{"@type":"ListItem","position":2,"name":"Shop","item":"https:\/\/chiccaworkshop.com\/blog\/store\/negozio\/"},{"@type":"ListItem","position":3,"name":"ITH Porta ovetti &#8211; Coniglio &#8211; Ricamo a macchina con tutorial"}]},{"@type":"WebSite","@id":"https:\/\/chiccaworkshop.com\/blog\/store\/#website","url":"https:\/\/chiccaworkshop.com\/blog\/store\/","name":"CHICCAWORKSHOP STORE","description":"CHIACCAWORKSHOP STORE","publisher":{"@id":"https:\/\/chiccaworkshop.com\/blog\/store\/#\/schema\/person\/9ef63677b7feef152a7042148a1886e9"},"potentialAction":[{"@type":"SearchAction","target":{"@type":"EntryPoint","urlTemplate":"https:\/\/chiccaworkshop.com\/blog\/store\/?s={search_term_string}"},"query-input":"required name=search_term_string"}],"inLanguage":"it-IT"},{"@type":["Person","Organization"],"@id":"https:\/\/chiccaworkshop.com\/blog\/store\/#\/schema\/person\/9ef63677b7feef152a7042148a1886e9","name":"CHICCA","image":{"@type":"ImageObject","inLanguage":"it-IT","@id":"https:\/\/chiccaworkshop.com\/blog\/store\/#\/schema\/person\/image\/","url":"https:\/\/i0.wp.com\/chiccaworkshop.com\/blog\/store\/wp-content\/uploads\/sites\/2\/2017\/09\/store-nero.png?fit=446%2C108&ssl=1","contentUrl":"https:\/\/i0.wp.com\/chiccaworkshop.com\/blog\/store\/wp-content\/uploads\/sites\/2\/2017\/09\/store-nero.png?fit=446%2C108&ssl=1","width":446,"height":108,"caption":"CHICCA"},"logo":{"@id":"https:\/\/chiccaworkshop.com\/blog\/store\/#\/schema\/person\/image\/"},"sameAs":["https:\/\/chiccaworkshop.com\/blog","https:\/\/www.facebook.com\/chiccaworkshop\/","https:\/\/www.instagram.com\/chiccaworkshop\/","https:\/\/www.pinterest.it\/chiccaworkshop\/","https:\/\/twitter.com\/chiccaworkshop","https:\/\/www.youtube.com\/channel\/UCapT3yDiMNoVj85UamYMWYg?view_as=subscriber"]}]}},"jetpack_sharing_enabled":true,"jetpack-related-posts":[],"jetpack_likes_enabled":true,"_links":{"self":[{"href":"https:\/\/chiccaworkshop.com\/blog\/store\/wp-json\/wp\/v2\/product\/12380","targetHints":{"allow":["GET"]}}],"collection":[{"href":"https:\/\/chiccaworkshop.com\/blog\/store\/wp-json\/wp\/v2\/product"}],"about":[{"href":"https:\/\/chiccaworkshop.com\/blog\/store\/wp-json\/wp\/v2\/types\/product"}],"replies":[{"embeddable":true,"href":"https:\/\/chiccaworkshop.com\/blog\/store\/wp-json\/wp\/v2\/comments?post=12380"}],"wp:featuredmedia":[{"embeddable":true,"href":"https:\/\/chiccaworkshop.com\/blog\/store\/wp-json\/wp\/v2\/media\/12377"}],"wp:attachment":[{"href":"https:\/\/chiccaworkshop.com\/blog\/store\/wp-json\/wp\/v2\/media?parent=12380"}],"wp:term":[{"taxonomy":"product_brand","embeddable":true,"href":"https:\/\/chiccaworkshop.com\/blog\/store\/wp-json\/wp\/v2\/product_brand?post=12380"},{"taxonomy":"product_cat","embeddable":true,"href":"https:\/\/chiccaworkshop.com\/blog\/store\/wp-json\/wp\/v2\/product_cat?post=12380"},{"taxonomy":"product_tag","embeddable":true,"href":"https:\/\/chiccaworkshop.com\/blog\/store\/wp-json\/wp\/v2\/product_tag?post=12380"}],"curies":[{"name":"wp","href":"https:\/\/api.w.org\/{rel}","templated":true}]}}