{"id":12758,"date":"2025-11-16T16:58:20","date_gmt":"2025-11-16T15:58:20","guid":{"rendered":"https:\/\/chiccaworkshop.com\/blog\/store\/?post_type=product&#038;p=12758"},"modified":"2025-11-16T22:08:27","modified_gmt":"2025-11-16T21:08:27","slug":"ith-lettera-natalizia-alfabeto-a-z-pallina-di-natale-personalizzata-ricamo-a-macchina-con-tutorial","status":"publish","type":"product","link":"https:\/\/chiccaworkshop.com\/blog\/store\/prodotto\/ith-lettera-natalizia-alfabeto-a-z-pallina-di-natale-personalizzata-ricamo-a-macchina-con-tutorial\/","title":{"rendered":"ITH Lettera Natalizia \/ Alfabeto A-Z \/ Pallina di Natale Personalizzata \/ Ricamo a macchina con tutorial"},"content":{"rendered":"<p>Il download comprende il file in diverse estensioni: dst .xxx .hus .vp3 .pes .jef .vip .exp e il tutorial fotografico in italiano e in inglese<br \/>\nPer formati non presenti contattami<\/p>\n<p>.Data la natura digitale del file di ricamo, nessun rimborso \u00e8 previsto.<\/p>\n<p>Nota: questo \u00e8 un file per la macchina da ricamo, non per il ricamo a mano.<\/p>\n<p>Bisogna disporre di una macchina da ricamo e di un metodo per trasferire i files di progettazione alla macchina per utilizzare questo disegno. \u00c8 necessario disporre anche di software per estrarre i file zippati.<\/p>\n<p>Ho disegnato e digitalizzato il file interamente a mano, e ne detengo la piena propriet\u00e0, pu\u00f2 essere utilizzato su oggetti personali o destinati alla vendita, ma \u00e8 PROIBITO commercializzarlo, condividerlo o includerlo in qualsiasi progetto destinato alla vendita.<\/p>\n<p>Non esitare a contattarmi per qualsiasi esigenza.<\/p>\n<p>Grazie per il tuo acquisto nel mio Store!<\/p>\n<p>Laura<\/p>\n<p>Seguimi anche attraverso i miei canali:<\/p>\n<p><a href=\"https:\/\/www.facebook.com\/chiccaworkshop\/\" target=\"_blank\" rel=\"noopener noreferrer\">Facebook<\/a> \u2013 <a href=\"https:\/\/www.instagram.com\/lafataligure\/\" target=\"_blank\" rel=\"noopener noreferrer\">Instagram<\/a> \u2013\u00a0 <a href=\"https:\/\/it.pinterest.com\/lafataligure\/\" target=\"_blank\" rel=\"noopener noreferrer\">Pinterest<\/a> \u2013 <a href=\"https:\/\/youtu.be\/SD2tXKNgsBo\" target=\"_blank\" rel=\"noopener noreferrer\" data-rel=\"lightbox-video-0\">Yotube<\/a><\/p>\n","protected":false},"excerpt":{"rendered":"<p>Quest&#8217;anno rendi diverso il tuo albero con le Lettere Natalizie personalizzate<br \/>\nUn oggetto unico che sar\u00e0 molto gradito<br \/>\nAlfabeto completo A-Z completo di etichetta con l&#8217;anno o in alternativa dove poter inserire il nome<br \/>\nOgni lettera misura 13 cm in altezza<br \/>\nSi lavorano completamente nel telaio della ricamatrice<\/p>\n<p>Scorri la pagina per i dettagli<\/p>\n<p><iframe loading=\"lazy\" title=\"YouTube video player\" src=\"https:\/\/www.youtube.com\/embed\/1eDtIyxu-fg?si=XaALYBdN9qgbmODs&amp;start=8\" width=\"560\" height=\"315\" frameborder=\"0\" allowfullscreen=\"allowfullscreen\"><\/iframe><\/p>\n","protected":false},"featured_media":12764,"comment_status":"open","ping_status":"closed","template":"","meta":{"_uf_show_specific_survey":0,"_uf_disable_surveys":false},"product_brand":[],"product_cat":[158,20,38],"product_tag":[647,609,504,131,284,503,509,1210,507,306,27,505],"class_list":{"0":"post-12758","1":"product","2":"type-product","3":"status-publish","4":"has-post-thumbnail","6":"product_cat-natale","7":"product_cat-ricami-a-macchina","8":"product_cat-ricami-ith","9":"product_tag-alfabeto-imbottito","10":"product_tag-banner-compleanno","11":"product_tag-chiudi-pacco","12":"product_tag-fiocco-nascita","13":"product_tag-in-the-hoop","14":"product_tag-lettere-alfabeto","15":"product_tag-lettere-iniziali","16":"product_tag-lettere-natalizie","17":"product_tag-lettere-prsonalizzate","18":"product_tag-regali-di-natale","19":"product_tag-ricamo-a-macchina","20":"product_tag-tag","22":"first","23":"instock","24":"downloadable","25":"virtual","26":"purchasable","27":"product-type-simple"},"yoast_head":"<!-- This site is optimized with the Yoast SEO plugin v22.2 - https:\/\/yoast.com\/wordpress\/plugins\/seo\/ -->\n<title>ITH Lettera Natalizia \/ Ricamo a macchina con tutorial<\/title>\n<meta name=\"description\" content=\"Quest&#039;anno rendi diverso il tuo albero con le Lettere Natalizie personalizzate Un oggetto unico che sar\u00e0 molto gradito\" \/>\n<meta name=\"robots\" content=\"index, follow, max-snippet:-1, max-image-preview:large, max-video-preview:-1\" \/>\n<link rel=\"canonical\" href=\"https:\/\/chiccaworkshop.com\/blog\/store\/prodotto\/ith-lettera-natalizia-alfabeto-a-z-pallina-di-natale-personalizzata-ricamo-a-macchina-con-tutorial\/\" \/>\n<meta property=\"og:locale\" content=\"it_IT\" \/>\n<meta property=\"og:type\" content=\"article\" \/>\n<meta property=\"og:title\" content=\"ITH Lettera Natalizia \/ Ricamo a macchina con tutorial\" \/>\n<meta property=\"og:description\" content=\"Quest&#039;anno rendi diverso il tuo albero con le Lettere Natalizie personalizzate Un oggetto unico che sar\u00e0 molto gradito\" \/>\n<meta property=\"og:url\" content=\"https:\/\/chiccaworkshop.com\/blog\/store\/prodotto\/ith-lettera-natalizia-alfabeto-a-z-pallina-di-natale-personalizzata-ricamo-a-macchina-con-tutorial\/\" \/>\n<meta property=\"og:site_name\" content=\"CHICCAWORKSHOP STORE\" \/>\n<meta property=\"article:publisher\" content=\"https:\/\/www.facebook.com\/chiccaworkshop\/\" \/>\n<meta property=\"article:modified_time\" content=\"2025-11-16T21:08:27+00:00\" \/>\n<meta property=\"og:image\" content=\"https:\/\/chiccaworkshop.com\/blog\/store\/wp-content\/uploads\/sites\/2\/2025\/11\/ith-alfa-imbottito-natale.jpg\" \/>\n\t<meta property=\"og:image:width\" content=\"1500\" \/>\n\t<meta property=\"og:image:height\" content=\"1000\" \/>\n\t<meta property=\"og:image:type\" content=\"image\/jpeg\" \/>\n<meta name=\"twitter:card\" content=\"summary_large_image\" \/>\n<meta name=\"twitter:site\" content=\"@chiccaworkshop\" \/>\n<meta name=\"twitter:label1\" content=\"Tempo di lettura stimato\" \/>\n\t<meta name=\"twitter:data1\" content=\"2 minuti\" \/>\n<script type=\"application\/ld+json\" class=\"yoast-schema-graph\">{\"@context\":\"https:\/\/schema.org\",\"@graph\":[{\"@type\":\"WebPage\",\"@id\":\"https:\/\/chiccaworkshop.com\/blog\/store\/prodotto\/ith-lettera-natalizia-alfabeto-a-z-pallina-di-natale-personalizzata-ricamo-a-macchina-con-tutorial\/\",\"url\":\"https:\/\/chiccaworkshop.com\/blog\/store\/prodotto\/ith-lettera-natalizia-alfabeto-a-z-pallina-di-natale-personalizzata-ricamo-a-macchina-con-tutorial\/\",\"name\":\"ITH Lettera Natalizia \/ Ricamo a macchina con tutorial\",\"isPartOf\":{\"@id\":\"https:\/\/chiccaworkshop.com\/blog\/store\/#website\"},\"primaryImageOfPage\":{\"@id\":\"https:\/\/chiccaworkshop.com\/blog\/store\/prodotto\/ith-lettera-natalizia-alfabeto-a-z-pallina-di-natale-personalizzata-ricamo-a-macchina-con-tutorial\/#primaryimage\"},\"image\":{\"@id\":\"https:\/\/chiccaworkshop.com\/blog\/store\/prodotto\/ith-lettera-natalizia-alfabeto-a-z-pallina-di-natale-personalizzata-ricamo-a-macchina-con-tutorial\/#primaryimage\"},\"thumbnailUrl\":\"https:\/\/i0.wp.com\/chiccaworkshop.com\/blog\/store\/wp-content\/uploads\/sites\/2\/2025\/11\/ith-alfa-imbottito-natale.jpg?fit=1500%2C1000&ssl=1\",\"datePublished\":\"2025-11-16T15:58:20+00:00\",\"dateModified\":\"2025-11-16T21:08:27+00:00\",\"description\":\"Quest'anno rendi diverso il tuo albero con le Lettere Natalizie personalizzate Un oggetto unico che sar\u00e0 molto gradito\",\"breadcrumb\":{\"@id\":\"https:\/\/chiccaworkshop.com\/blog\/store\/prodotto\/ith-lettera-natalizia-alfabeto-a-z-pallina-di-natale-personalizzata-ricamo-a-macchina-con-tutorial\/#breadcrumb\"},\"inLanguage\":\"it-IT\",\"potentialAction\":[{\"@type\":\"ReadAction\",\"target\":[\"https:\/\/chiccaworkshop.com\/blog\/store\/prodotto\/ith-lettera-natalizia-alfabeto-a-z-pallina-di-natale-personalizzata-ricamo-a-macchina-con-tutorial\/\"]}]},{\"@type\":\"ImageObject\",\"inLanguage\":\"it-IT\",\"@id\":\"https:\/\/chiccaworkshop.com\/blog\/store\/prodotto\/ith-lettera-natalizia-alfabeto-a-z-pallina-di-natale-personalizzata-ricamo-a-macchina-con-tutorial\/#primaryimage\",\"url\":\"https:\/\/i0.wp.com\/chiccaworkshop.com\/blog\/store\/wp-content\/uploads\/sites\/2\/2025\/11\/ith-alfa-imbottito-natale.jpg?fit=1500%2C1000&ssl=1\",\"contentUrl\":\"https:\/\/i0.wp.com\/chiccaworkshop.com\/blog\/store\/wp-content\/uploads\/sites\/2\/2025\/11\/ith-alfa-imbottito-natale.jpg?fit=1500%2C1000&ssl=1\",\"width\":1500,\"height\":1000},{\"@type\":\"BreadcrumbList\",\"@id\":\"https:\/\/chiccaworkshop.com\/blog\/store\/prodotto\/ith-lettera-natalizia-alfabeto-a-z-pallina-di-natale-personalizzata-ricamo-a-macchina-con-tutorial\/#breadcrumb\",\"itemListElement\":[{\"@type\":\"ListItem\",\"position\":1,\"name\":\"Home\",\"item\":\"https:\/\/chiccaworkshop.com\/blog\/store\/\"},{\"@type\":\"ListItem\",\"position\":2,\"name\":\"Shop\",\"item\":\"https:\/\/chiccaworkshop.com\/blog\/store\/negozio\/\"},{\"@type\":\"ListItem\",\"position\":3,\"name\":\"ITH Lettera Natalizia \/ Alfabeto A-Z \/ Pallina di Natale Personalizzata \/ Ricamo a macchina con tutorial\"}]},{\"@type\":\"WebSite\",\"@id\":\"https:\/\/chiccaworkshop.com\/blog\/store\/#website\",\"url\":\"https:\/\/chiccaworkshop.com\/blog\/store\/\",\"name\":\"CHICCAWORKSHOP STORE\",\"description\":\"CHIACCAWORKSHOP STORE\",\"publisher\":{\"@id\":\"https:\/\/chiccaworkshop.com\/blog\/store\/#\/schema\/person\/9ef63677b7feef152a7042148a1886e9\"},\"potentialAction\":[{\"@type\":\"SearchAction\",\"target\":{\"@type\":\"EntryPoint\",\"urlTemplate\":\"https:\/\/chiccaworkshop.com\/blog\/store\/?s={search_term_string}\"},\"query-input\":\"required name=search_term_string\"}],\"inLanguage\":\"it-IT\"},{\"@type\":[\"Person\",\"Organization\"],\"@id\":\"https:\/\/chiccaworkshop.com\/blog\/store\/#\/schema\/person\/9ef63677b7feef152a7042148a1886e9\",\"name\":\"CHICCA\",\"image\":{\"@type\":\"ImageObject\",\"inLanguage\":\"it-IT\",\"@id\":\"https:\/\/chiccaworkshop.com\/blog\/store\/#\/schema\/person\/image\/\",\"url\":\"https:\/\/i0.wp.com\/chiccaworkshop.com\/blog\/store\/wp-content\/uploads\/sites\/2\/2017\/09\/store-nero.png?fit=446%2C108&ssl=1\",\"contentUrl\":\"https:\/\/i0.wp.com\/chiccaworkshop.com\/blog\/store\/wp-content\/uploads\/sites\/2\/2017\/09\/store-nero.png?fit=446%2C108&ssl=1\",\"width\":446,\"height\":108,\"caption\":\"CHICCA\"},\"logo\":{\"@id\":\"https:\/\/chiccaworkshop.com\/blog\/store\/#\/schema\/person\/image\/\"},\"sameAs\":[\"https:\/\/chiccaworkshop.com\/blog\",\"https:\/\/www.facebook.com\/chiccaworkshop\/\",\"https:\/\/www.instagram.com\/chiccaworkshop\/\",\"https:\/\/www.pinterest.it\/chiccaworkshop\/\",\"https:\/\/twitter.com\/chiccaworkshop\",\"https:\/\/www.youtube.com\/channel\/UCapT3yDiMNoVj85UamYMWYg?view_as=subscriber\"]}]}<\/script>\n<!-- \/ Yoast SEO plugin. -->","yoast_head_json":{"title":"ITH Lettera Natalizia \/ Ricamo a macchina con tutorial","description":"Quest'anno rendi diverso il tuo albero con le Lettere Natalizie personalizzate Un oggetto unico che sar\u00e0 molto gradito","robots":{"index":"index","follow":"follow","max-snippet":"max-snippet:-1","max-image-preview":"max-image-preview:large","max-video-preview":"max-video-preview:-1"},"canonical":"https:\/\/chiccaworkshop.com\/blog\/store\/prodotto\/ith-lettera-natalizia-alfabeto-a-z-pallina-di-natale-personalizzata-ricamo-a-macchina-con-tutorial\/","og_locale":"it_IT","og_type":"article","og_title":"ITH Lettera Natalizia \/ Ricamo a macchina con tutorial","og_description":"Quest'anno rendi diverso il tuo albero con le Lettere Natalizie personalizzate Un oggetto unico che sar\u00e0 molto gradito","og_url":"https:\/\/chiccaworkshop.com\/blog\/store\/prodotto\/ith-lettera-natalizia-alfabeto-a-z-pallina-di-natale-personalizzata-ricamo-a-macchina-con-tutorial\/","og_site_name":"CHICCAWORKSHOP STORE","article_publisher":"https:\/\/www.facebook.com\/chiccaworkshop\/","article_modified_time":"2025-11-16T21:08:27+00:00","og_image":[{"width":1500,"height":1000,"url":"https:\/\/chiccaworkshop.com\/blog\/store\/wp-content\/uploads\/sites\/2\/2025\/11\/ith-alfa-imbottito-natale.jpg","type":"image\/jpeg"}],"twitter_card":"summary_large_image","twitter_site":"@chiccaworkshop","twitter_misc":{"Tempo di lettura stimato":"2 minuti"},"schema":{"@context":"https:\/\/schema.org","@graph":[{"@type":"WebPage","@id":"https:\/\/chiccaworkshop.com\/blog\/store\/prodotto\/ith-lettera-natalizia-alfabeto-a-z-pallina-di-natale-personalizzata-ricamo-a-macchina-con-tutorial\/","url":"https:\/\/chiccaworkshop.com\/blog\/store\/prodotto\/ith-lettera-natalizia-alfabeto-a-z-pallina-di-natale-personalizzata-ricamo-a-macchina-con-tutorial\/","name":"ITH Lettera Natalizia \/ Ricamo a macchina con tutorial","isPartOf":{"@id":"https:\/\/chiccaworkshop.com\/blog\/store\/#website"},"primaryImageOfPage":{"@id":"https:\/\/chiccaworkshop.com\/blog\/store\/prodotto\/ith-lettera-natalizia-alfabeto-a-z-pallina-di-natale-personalizzata-ricamo-a-macchina-con-tutorial\/#primaryimage"},"image":{"@id":"https:\/\/chiccaworkshop.com\/blog\/store\/prodotto\/ith-lettera-natalizia-alfabeto-a-z-pallina-di-natale-personalizzata-ricamo-a-macchina-con-tutorial\/#primaryimage"},"thumbnailUrl":"https:\/\/i0.wp.com\/chiccaworkshop.com\/blog\/store\/wp-content\/uploads\/sites\/2\/2025\/11\/ith-alfa-imbottito-natale.jpg?fit=1500%2C1000&ssl=1","datePublished":"2025-11-16T15:58:20+00:00","dateModified":"2025-11-16T21:08:27+00:00","description":"Quest'anno rendi diverso il tuo albero con le Lettere Natalizie personalizzate Un oggetto unico che sar\u00e0 molto gradito","breadcrumb":{"@id":"https:\/\/chiccaworkshop.com\/blog\/store\/prodotto\/ith-lettera-natalizia-alfabeto-a-z-pallina-di-natale-personalizzata-ricamo-a-macchina-con-tutorial\/#breadcrumb"},"inLanguage":"it-IT","potentialAction":[{"@type":"ReadAction","target":["https:\/\/chiccaworkshop.com\/blog\/store\/prodotto\/ith-lettera-natalizia-alfabeto-a-z-pallina-di-natale-personalizzata-ricamo-a-macchina-con-tutorial\/"]}]},{"@type":"ImageObject","inLanguage":"it-IT","@id":"https:\/\/chiccaworkshop.com\/blog\/store\/prodotto\/ith-lettera-natalizia-alfabeto-a-z-pallina-di-natale-personalizzata-ricamo-a-macchina-con-tutorial\/#primaryimage","url":"https:\/\/i0.wp.com\/chiccaworkshop.com\/blog\/store\/wp-content\/uploads\/sites\/2\/2025\/11\/ith-alfa-imbottito-natale.jpg?fit=1500%2C1000&ssl=1","contentUrl":"https:\/\/i0.wp.com\/chiccaworkshop.com\/blog\/store\/wp-content\/uploads\/sites\/2\/2025\/11\/ith-alfa-imbottito-natale.jpg?fit=1500%2C1000&ssl=1","width":1500,"height":1000},{"@type":"BreadcrumbList","@id":"https:\/\/chiccaworkshop.com\/blog\/store\/prodotto\/ith-lettera-natalizia-alfabeto-a-z-pallina-di-natale-personalizzata-ricamo-a-macchina-con-tutorial\/#breadcrumb","itemListElement":[{"@type":"ListItem","position":1,"name":"Home","item":"https:\/\/chiccaworkshop.com\/blog\/store\/"},{"@type":"ListItem","position":2,"name":"Shop","item":"https:\/\/chiccaworkshop.com\/blog\/store\/negozio\/"},{"@type":"ListItem","position":3,"name":"ITH Lettera Natalizia \/ Alfabeto A-Z \/ Pallina di Natale Personalizzata \/ Ricamo a macchina con tutorial"}]},{"@type":"WebSite","@id":"https:\/\/chiccaworkshop.com\/blog\/store\/#website","url":"https:\/\/chiccaworkshop.com\/blog\/store\/","name":"CHICCAWORKSHOP STORE","description":"CHIACCAWORKSHOP STORE","publisher":{"@id":"https:\/\/chiccaworkshop.com\/blog\/store\/#\/schema\/person\/9ef63677b7feef152a7042148a1886e9"},"potentialAction":[{"@type":"SearchAction","target":{"@type":"EntryPoint","urlTemplate":"https:\/\/chiccaworkshop.com\/blog\/store\/?s={search_term_string}"},"query-input":"required name=search_term_string"}],"inLanguage":"it-IT"},{"@type":["Person","Organization"],"@id":"https:\/\/chiccaworkshop.com\/blog\/store\/#\/schema\/person\/9ef63677b7feef152a7042148a1886e9","name":"CHICCA","image":{"@type":"ImageObject","inLanguage":"it-IT","@id":"https:\/\/chiccaworkshop.com\/blog\/store\/#\/schema\/person\/image\/","url":"https:\/\/i0.wp.com\/chiccaworkshop.com\/blog\/store\/wp-content\/uploads\/sites\/2\/2017\/09\/store-nero.png?fit=446%2C108&ssl=1","contentUrl":"https:\/\/i0.wp.com\/chiccaworkshop.com\/blog\/store\/wp-content\/uploads\/sites\/2\/2017\/09\/store-nero.png?fit=446%2C108&ssl=1","width":446,"height":108,"caption":"CHICCA"},"logo":{"@id":"https:\/\/chiccaworkshop.com\/blog\/store\/#\/schema\/person\/image\/"},"sameAs":["https:\/\/chiccaworkshop.com\/blog","https:\/\/www.facebook.com\/chiccaworkshop\/","https:\/\/www.instagram.com\/chiccaworkshop\/","https:\/\/www.pinterest.it\/chiccaworkshop\/","https:\/\/twitter.com\/chiccaworkshop","https:\/\/www.youtube.com\/channel\/UCapT3yDiMNoVj85UamYMWYg?view_as=subscriber"]}]}},"jetpack_sharing_enabled":true,"jetpack-related-posts":[],"jetpack_likes_enabled":true,"_links":{"self":[{"href":"https:\/\/chiccaworkshop.com\/blog\/store\/wp-json\/wp\/v2\/product\/12758","targetHints":{"allow":["GET"]}}],"collection":[{"href":"https:\/\/chiccaworkshop.com\/blog\/store\/wp-json\/wp\/v2\/product"}],"about":[{"href":"https:\/\/chiccaworkshop.com\/blog\/store\/wp-json\/wp\/v2\/types\/product"}],"replies":[{"embeddable":true,"href":"https:\/\/chiccaworkshop.com\/blog\/store\/wp-json\/wp\/v2\/comments?post=12758"}],"wp:featuredmedia":[{"embeddable":true,"href":"https:\/\/chiccaworkshop.com\/blog\/store\/wp-json\/wp\/v2\/media\/12764"}],"wp:attachment":[{"href":"https:\/\/chiccaworkshop.com\/blog\/store\/wp-json\/wp\/v2\/media?parent=12758"}],"wp:term":[{"taxonomy":"product_brand","embeddable":true,"href":"https:\/\/chiccaworkshop.com\/blog\/store\/wp-json\/wp\/v2\/product_brand?post=12758"},{"taxonomy":"product_cat","embeddable":true,"href":"https:\/\/chiccaworkshop.com\/blog\/store\/wp-json\/wp\/v2\/product_cat?post=12758"},{"taxonomy":"product_tag","embeddable":true,"href":"https:\/\/chiccaworkshop.com\/blog\/store\/wp-json\/wp\/v2\/product_tag?post=12758"}],"curies":[{"name":"wp","href":"https:\/\/api.w.org\/{rel}","templated":true}]}}