{"id":12974,"date":"2026-03-21T13:51:53","date_gmt":"2026-03-21T12:51:53","guid":{"rendered":"https:\/\/chiccaworkshop.com\/blog\/store\/?post_type=product&#038;p=12974"},"modified":"2026-03-21T13:54:56","modified_gmt":"2026-03-21T12:54:56","slug":"coniglio-floreale-con-fiocco-ricamo-a-macchina-in-3-misure-download-digitale","status":"publish","type":"product","link":"https:\/\/chiccaworkshop.com\/blog\/store\/prodotto\/coniglio-floreale-con-fiocco-ricamo-a-macchina-in-3-misure-download-digitale\/","title":{"rendered":"Coniglio Floreale con Fiocco \/ Ricamo a Macchina in 3 Misure \/ Download Digitale"},"content":{"rendered":"<p>Il download \u00e8 immediato e comprende i files in diverse estensioni: dst .xxx .hus .vp3 .pes .jef .vip .exp<br \/>\nPer formati non presenti contattami.<\/p>\n<p>Per qualsiasi domanda, dubbio o ulteriori informazioni, inviami un messaggio prima di effettuare l&#8217;acquisto.<\/p>\n<p>Nota: questo \u00e8 un file per la macchina da ricamo, non per il ricamo a mano.<\/p>\n<p>Bisogna disporre di una macchina da ricamo e di un metodo per trasferire i files di progettazione alla macchina per utilizzare questo disegno. \u00c8 necessario disporre anche di software per estrarre i file zippati.<\/p>\n<p>Ho disegnato e digitalizzato il file interamente a mano, e ne detengo la piena propriet\u00e0, pu\u00f2 essere utilizzato su oggetti personali o destinati alla vendita, ma \u00e8 PROIBITO commercializzarlo, condividerlo o includerlo in qualsiasi progetto destinato alla vendita.<\/p>\n<p>Non esitare a contattarmi per qualsiasi esigenza.<\/p>\n<p>Grazie per il tuo acquisto nel mio Store!<\/p>\n<p>Laura<\/p>\n<p>Seguimi anche attraverso i miei canali:<\/p>\n<p><a href=\"https:\/\/www.facebook.com\/chiccaworkshop\/\" target=\"_blank\" rel=\"noopener noreferrer\">Facebook<\/a> \u2013 <a href=\"https:\/\/www.instagram.com\/lafataligure\/\" target=\"_blank\" rel=\"noopener noreferrer\">Instagram<\/a> \u2013\u00a0 <a href=\"https:\/\/it.pinterest.com\/lafataligure\/\" target=\"_blank\" rel=\"noopener noreferrer\">Pinterest<\/a> \u2013 <a href=\"https:\/\/youtu.be\/SD2tXKNgsBo\" target=\"_blank\" rel=\"noopener noreferrer\" data-rel=\"lightbox-video-0\">Yotube<\/a><\/p>\n","protected":false},"excerpt":{"rendered":"<p>Deliziosa composizione floreale a forma di coniglio, con un bel un fiocco al centro che aggiunge un tocco elegante e originale.<br \/>\nPerfetto per progetti primaverili, Pasqua, accessori per bambini, home decor e regali fatti a mano.<\/p>\n<p>Progettato per il telaio 13&#215;18 in tre misure<br \/>\ncm. 18 &#8211; cm. 15 &#8211; cm. 12<\/p>\n<p>Scorri la pagina per i dettagli<\/p>\n<p>&nbsp;<\/p>\n","protected":false},"featured_media":12977,"comment_status":"open","ping_status":"closed","template":"","meta":{"_uf_show_specific_survey":0,"_uf_disable_surveys":false},"product_brand":[],"product_cat":[736,20,37,38],"product_tag":[1125,373,751,1126,1127,1109,372,376,284,123,27],"class_list":{"0":"post-12974","1":"product","2":"type-product","3":"status-publish","4":"has-post-thumbnail","6":"product_cat-pasqua","7":"product_cat-ricami-a-macchina","8":"product_cat-ricami-applique","9":"product_cat-ricami-ith","10":"product_tag-bunny-flowers","11":"product_tag-coniglietti","12":"product_tag-coniglietto-ricamato","13":"product_tag-coniglio-a-fiori","14":"product_tag-coniglio-con-fiocco","15":"product_tag-coppia-coniglietti","16":"product_tag-cuore-ith","17":"product_tag-heart-bunnies","18":"product_tag-in-the-hoop","19":"product_tag-pasqua","20":"product_tag-ricamo-a-macchina","22":"first","23":"instock","24":"downloadable","25":"virtual","26":"purchasable","27":"product-type-simple"},"yoast_head":"<!-- This site is optimized with the Yoast SEO plugin v22.2 - https:\/\/yoast.com\/wordpress\/plugins\/seo\/ -->\n<title>Coniglio Floreale con Fiocco \/ Ricamo a Macchina in 3 Misure<\/title>\n<meta name=\"description\" content=\"Deliziosa composizione floreale a forma di coniglio, con un bel un fiocco al centro che aggiunge un tocco elegante e originale.\" \/>\n<meta name=\"robots\" content=\"index, follow, max-snippet:-1, max-image-preview:large, max-video-preview:-1\" \/>\n<link rel=\"canonical\" href=\"https:\/\/chiccaworkshop.com\/blog\/store\/prodotto\/coniglio-floreale-con-fiocco-ricamo-a-macchina-in-3-misure-download-digitale\/\" \/>\n<meta property=\"og:locale\" content=\"it_IT\" \/>\n<meta property=\"og:type\" content=\"article\" \/>\n<meta property=\"og:title\" content=\"Coniglio Floreale con Fiocco \/ Ricamo a Macchina in 3 Misure\" \/>\n<meta property=\"og:description\" content=\"Deliziosa composizione floreale a forma di coniglio, con un bel un fiocco al centro che aggiunge un tocco elegante e originale.\" \/>\n<meta property=\"og:url\" content=\"https:\/\/chiccaworkshop.com\/blog\/store\/prodotto\/coniglio-floreale-con-fiocco-ricamo-a-macchina-in-3-misure-download-digitale\/\" \/>\n<meta property=\"og:site_name\" content=\"CHICCAWORKSHOP STORE\" \/>\n<meta property=\"article:publisher\" content=\"https:\/\/www.facebook.com\/chiccaworkshop\/\" \/>\n<meta property=\"article:modified_time\" content=\"2026-03-21T12:54:56+00:00\" \/>\n<meta property=\"og:image\" content=\"https:\/\/chiccaworkshop.com\/blog\/store\/wp-content\/uploads\/sites\/2\/2026\/03\/coniglio-fiori-telaio.jpg\" \/>\n\t<meta property=\"og:image:width\" content=\"1500\" \/>\n\t<meta property=\"og:image:height\" content=\"1000\" \/>\n\t<meta property=\"og:image:type\" content=\"image\/jpeg\" \/>\n<meta name=\"twitter:card\" content=\"summary_large_image\" \/>\n<meta name=\"twitter:site\" content=\"@chiccaworkshop\" \/>\n<meta name=\"twitter:label1\" content=\"Tempo di lettura stimato\" \/>\n\t<meta name=\"twitter:data1\" content=\"2 minuti\" \/>\n<script type=\"application\/ld+json\" class=\"yoast-schema-graph\">{\"@context\":\"https:\/\/schema.org\",\"@graph\":[{\"@type\":\"WebPage\",\"@id\":\"https:\/\/chiccaworkshop.com\/blog\/store\/prodotto\/coniglio-floreale-con-fiocco-ricamo-a-macchina-in-3-misure-download-digitale\/\",\"url\":\"https:\/\/chiccaworkshop.com\/blog\/store\/prodotto\/coniglio-floreale-con-fiocco-ricamo-a-macchina-in-3-misure-download-digitale\/\",\"name\":\"Coniglio Floreale con Fiocco \/ Ricamo a Macchina in 3 Misure\",\"isPartOf\":{\"@id\":\"https:\/\/chiccaworkshop.com\/blog\/store\/#website\"},\"primaryImageOfPage\":{\"@id\":\"https:\/\/chiccaworkshop.com\/blog\/store\/prodotto\/coniglio-floreale-con-fiocco-ricamo-a-macchina-in-3-misure-download-digitale\/#primaryimage\"},\"image\":{\"@id\":\"https:\/\/chiccaworkshop.com\/blog\/store\/prodotto\/coniglio-floreale-con-fiocco-ricamo-a-macchina-in-3-misure-download-digitale\/#primaryimage\"},\"thumbnailUrl\":\"https:\/\/i0.wp.com\/chiccaworkshop.com\/blog\/store\/wp-content\/uploads\/sites\/2\/2026\/03\/coniglio-fiori-telaio.jpg?fit=1500%2C1000&ssl=1\",\"datePublished\":\"2026-03-21T12:51:53+00:00\",\"dateModified\":\"2026-03-21T12:54:56+00:00\",\"description\":\"Deliziosa composizione floreale a forma di coniglio, con un bel un fiocco al centro che aggiunge un tocco elegante e originale.\",\"breadcrumb\":{\"@id\":\"https:\/\/chiccaworkshop.com\/blog\/store\/prodotto\/coniglio-floreale-con-fiocco-ricamo-a-macchina-in-3-misure-download-digitale\/#breadcrumb\"},\"inLanguage\":\"it-IT\",\"potentialAction\":[{\"@type\":\"ReadAction\",\"target\":[\"https:\/\/chiccaworkshop.com\/blog\/store\/prodotto\/coniglio-floreale-con-fiocco-ricamo-a-macchina-in-3-misure-download-digitale\/\"]}]},{\"@type\":\"ImageObject\",\"inLanguage\":\"it-IT\",\"@id\":\"https:\/\/chiccaworkshop.com\/blog\/store\/prodotto\/coniglio-floreale-con-fiocco-ricamo-a-macchina-in-3-misure-download-digitale\/#primaryimage\",\"url\":\"https:\/\/i0.wp.com\/chiccaworkshop.com\/blog\/store\/wp-content\/uploads\/sites\/2\/2026\/03\/coniglio-fiori-telaio.jpg?fit=1500%2C1000&ssl=1\",\"contentUrl\":\"https:\/\/i0.wp.com\/chiccaworkshop.com\/blog\/store\/wp-content\/uploads\/sites\/2\/2026\/03\/coniglio-fiori-telaio.jpg?fit=1500%2C1000&ssl=1\",\"width\":1500,\"height\":1000},{\"@type\":\"BreadcrumbList\",\"@id\":\"https:\/\/chiccaworkshop.com\/blog\/store\/prodotto\/coniglio-floreale-con-fiocco-ricamo-a-macchina-in-3-misure-download-digitale\/#breadcrumb\",\"itemListElement\":[{\"@type\":\"ListItem\",\"position\":1,\"name\":\"Home\",\"item\":\"https:\/\/chiccaworkshop.com\/blog\/store\/\"},{\"@type\":\"ListItem\",\"position\":2,\"name\":\"Shop\",\"item\":\"https:\/\/chiccaworkshop.com\/blog\/store\/negozio\/\"},{\"@type\":\"ListItem\",\"position\":3,\"name\":\"Coniglio Floreale con Fiocco \/ Ricamo a Macchina in 3 Misure \/ Download Digitale\"}]},{\"@type\":\"WebSite\",\"@id\":\"https:\/\/chiccaworkshop.com\/blog\/store\/#website\",\"url\":\"https:\/\/chiccaworkshop.com\/blog\/store\/\",\"name\":\"CHICCAWORKSHOP STORE\",\"description\":\"CHIACCAWORKSHOP STORE\",\"publisher\":{\"@id\":\"https:\/\/chiccaworkshop.com\/blog\/store\/#\/schema\/person\/9ef63677b7feef152a7042148a1886e9\"},\"potentialAction\":[{\"@type\":\"SearchAction\",\"target\":{\"@type\":\"EntryPoint\",\"urlTemplate\":\"https:\/\/chiccaworkshop.com\/blog\/store\/?s={search_term_string}\"},\"query-input\":\"required name=search_term_string\"}],\"inLanguage\":\"it-IT\"},{\"@type\":[\"Person\",\"Organization\"],\"@id\":\"https:\/\/chiccaworkshop.com\/blog\/store\/#\/schema\/person\/9ef63677b7feef152a7042148a1886e9\",\"name\":\"CHICCA\",\"image\":{\"@type\":\"ImageObject\",\"inLanguage\":\"it-IT\",\"@id\":\"https:\/\/chiccaworkshop.com\/blog\/store\/#\/schema\/person\/image\/\",\"url\":\"https:\/\/i0.wp.com\/chiccaworkshop.com\/blog\/store\/wp-content\/uploads\/sites\/2\/2017\/09\/store-nero.png?fit=446%2C108&ssl=1\",\"contentUrl\":\"https:\/\/i0.wp.com\/chiccaworkshop.com\/blog\/store\/wp-content\/uploads\/sites\/2\/2017\/09\/store-nero.png?fit=446%2C108&ssl=1\",\"width\":446,\"height\":108,\"caption\":\"CHICCA\"},\"logo\":{\"@id\":\"https:\/\/chiccaworkshop.com\/blog\/store\/#\/schema\/person\/image\/\"},\"sameAs\":[\"https:\/\/chiccaworkshop.com\/blog\",\"https:\/\/www.facebook.com\/chiccaworkshop\/\",\"https:\/\/www.instagram.com\/chiccaworkshop\/\",\"https:\/\/www.pinterest.it\/chiccaworkshop\/\",\"https:\/\/twitter.com\/chiccaworkshop\",\"https:\/\/www.youtube.com\/channel\/UCapT3yDiMNoVj85UamYMWYg?view_as=subscriber\"]}]}<\/script>\n<!-- \/ Yoast SEO plugin. -->","yoast_head_json":{"title":"Coniglio Floreale con Fiocco \/ Ricamo a Macchina in 3 Misure","description":"Deliziosa composizione floreale a forma di coniglio, con un bel un fiocco al centro che aggiunge un tocco elegante e originale.","robots":{"index":"index","follow":"follow","max-snippet":"max-snippet:-1","max-image-preview":"max-image-preview:large","max-video-preview":"max-video-preview:-1"},"canonical":"https:\/\/chiccaworkshop.com\/blog\/store\/prodotto\/coniglio-floreale-con-fiocco-ricamo-a-macchina-in-3-misure-download-digitale\/","og_locale":"it_IT","og_type":"article","og_title":"Coniglio Floreale con Fiocco \/ Ricamo a Macchina in 3 Misure","og_description":"Deliziosa composizione floreale a forma di coniglio, con un bel un fiocco al centro che aggiunge un tocco elegante e originale.","og_url":"https:\/\/chiccaworkshop.com\/blog\/store\/prodotto\/coniglio-floreale-con-fiocco-ricamo-a-macchina-in-3-misure-download-digitale\/","og_site_name":"CHICCAWORKSHOP STORE","article_publisher":"https:\/\/www.facebook.com\/chiccaworkshop\/","article_modified_time":"2026-03-21T12:54:56+00:00","og_image":[{"width":1500,"height":1000,"url":"https:\/\/chiccaworkshop.com\/blog\/store\/wp-content\/uploads\/sites\/2\/2026\/03\/coniglio-fiori-telaio.jpg","type":"image\/jpeg"}],"twitter_card":"summary_large_image","twitter_site":"@chiccaworkshop","twitter_misc":{"Tempo di lettura stimato":"2 minuti"},"schema":{"@context":"https:\/\/schema.org","@graph":[{"@type":"WebPage","@id":"https:\/\/chiccaworkshop.com\/blog\/store\/prodotto\/coniglio-floreale-con-fiocco-ricamo-a-macchina-in-3-misure-download-digitale\/","url":"https:\/\/chiccaworkshop.com\/blog\/store\/prodotto\/coniglio-floreale-con-fiocco-ricamo-a-macchina-in-3-misure-download-digitale\/","name":"Coniglio Floreale con Fiocco \/ Ricamo a Macchina in 3 Misure","isPartOf":{"@id":"https:\/\/chiccaworkshop.com\/blog\/store\/#website"},"primaryImageOfPage":{"@id":"https:\/\/chiccaworkshop.com\/blog\/store\/prodotto\/coniglio-floreale-con-fiocco-ricamo-a-macchina-in-3-misure-download-digitale\/#primaryimage"},"image":{"@id":"https:\/\/chiccaworkshop.com\/blog\/store\/prodotto\/coniglio-floreale-con-fiocco-ricamo-a-macchina-in-3-misure-download-digitale\/#primaryimage"},"thumbnailUrl":"https:\/\/i0.wp.com\/chiccaworkshop.com\/blog\/store\/wp-content\/uploads\/sites\/2\/2026\/03\/coniglio-fiori-telaio.jpg?fit=1500%2C1000&ssl=1","datePublished":"2026-03-21T12:51:53+00:00","dateModified":"2026-03-21T12:54:56+00:00","description":"Deliziosa composizione floreale a forma di coniglio, con un bel un fiocco al centro che aggiunge un tocco elegante e originale.","breadcrumb":{"@id":"https:\/\/chiccaworkshop.com\/blog\/store\/prodotto\/coniglio-floreale-con-fiocco-ricamo-a-macchina-in-3-misure-download-digitale\/#breadcrumb"},"inLanguage":"it-IT","potentialAction":[{"@type":"ReadAction","target":["https:\/\/chiccaworkshop.com\/blog\/store\/prodotto\/coniglio-floreale-con-fiocco-ricamo-a-macchina-in-3-misure-download-digitale\/"]}]},{"@type":"ImageObject","inLanguage":"it-IT","@id":"https:\/\/chiccaworkshop.com\/blog\/store\/prodotto\/coniglio-floreale-con-fiocco-ricamo-a-macchina-in-3-misure-download-digitale\/#primaryimage","url":"https:\/\/i0.wp.com\/chiccaworkshop.com\/blog\/store\/wp-content\/uploads\/sites\/2\/2026\/03\/coniglio-fiori-telaio.jpg?fit=1500%2C1000&ssl=1","contentUrl":"https:\/\/i0.wp.com\/chiccaworkshop.com\/blog\/store\/wp-content\/uploads\/sites\/2\/2026\/03\/coniglio-fiori-telaio.jpg?fit=1500%2C1000&ssl=1","width":1500,"height":1000},{"@type":"BreadcrumbList","@id":"https:\/\/chiccaworkshop.com\/blog\/store\/prodotto\/coniglio-floreale-con-fiocco-ricamo-a-macchina-in-3-misure-download-digitale\/#breadcrumb","itemListElement":[{"@type":"ListItem","position":1,"name":"Home","item":"https:\/\/chiccaworkshop.com\/blog\/store\/"},{"@type":"ListItem","position":2,"name":"Shop","item":"https:\/\/chiccaworkshop.com\/blog\/store\/negozio\/"},{"@type":"ListItem","position":3,"name":"Coniglio Floreale con Fiocco \/ Ricamo a Macchina in 3 Misure \/ Download Digitale"}]},{"@type":"WebSite","@id":"https:\/\/chiccaworkshop.com\/blog\/store\/#website","url":"https:\/\/chiccaworkshop.com\/blog\/store\/","name":"CHICCAWORKSHOP STORE","description":"CHIACCAWORKSHOP STORE","publisher":{"@id":"https:\/\/chiccaworkshop.com\/blog\/store\/#\/schema\/person\/9ef63677b7feef152a7042148a1886e9"},"potentialAction":[{"@type":"SearchAction","target":{"@type":"EntryPoint","urlTemplate":"https:\/\/chiccaworkshop.com\/blog\/store\/?s={search_term_string}"},"query-input":"required name=search_term_string"}],"inLanguage":"it-IT"},{"@type":["Person","Organization"],"@id":"https:\/\/chiccaworkshop.com\/blog\/store\/#\/schema\/person\/9ef63677b7feef152a7042148a1886e9","name":"CHICCA","image":{"@type":"ImageObject","inLanguage":"it-IT","@id":"https:\/\/chiccaworkshop.com\/blog\/store\/#\/schema\/person\/image\/","url":"https:\/\/i0.wp.com\/chiccaworkshop.com\/blog\/store\/wp-content\/uploads\/sites\/2\/2017\/09\/store-nero.png?fit=446%2C108&ssl=1","contentUrl":"https:\/\/i0.wp.com\/chiccaworkshop.com\/blog\/store\/wp-content\/uploads\/sites\/2\/2017\/09\/store-nero.png?fit=446%2C108&ssl=1","width":446,"height":108,"caption":"CHICCA"},"logo":{"@id":"https:\/\/chiccaworkshop.com\/blog\/store\/#\/schema\/person\/image\/"},"sameAs":["https:\/\/chiccaworkshop.com\/blog","https:\/\/www.facebook.com\/chiccaworkshop\/","https:\/\/www.instagram.com\/chiccaworkshop\/","https:\/\/www.pinterest.it\/chiccaworkshop\/","https:\/\/twitter.com\/chiccaworkshop","https:\/\/www.youtube.com\/channel\/UCapT3yDiMNoVj85UamYMWYg?view_as=subscriber"]}]}},"jetpack_sharing_enabled":true,"jetpack-related-posts":[],"jetpack_likes_enabled":true,"_links":{"self":[{"href":"https:\/\/chiccaworkshop.com\/blog\/store\/wp-json\/wp\/v2\/product\/12974","targetHints":{"allow":["GET"]}}],"collection":[{"href":"https:\/\/chiccaworkshop.com\/blog\/store\/wp-json\/wp\/v2\/product"}],"about":[{"href":"https:\/\/chiccaworkshop.com\/blog\/store\/wp-json\/wp\/v2\/types\/product"}],"replies":[{"embeddable":true,"href":"https:\/\/chiccaworkshop.com\/blog\/store\/wp-json\/wp\/v2\/comments?post=12974"}],"wp:featuredmedia":[{"embeddable":true,"href":"https:\/\/chiccaworkshop.com\/blog\/store\/wp-json\/wp\/v2\/media\/12977"}],"wp:attachment":[{"href":"https:\/\/chiccaworkshop.com\/blog\/store\/wp-json\/wp\/v2\/media?parent=12974"}],"wp:term":[{"taxonomy":"product_brand","embeddable":true,"href":"https:\/\/chiccaworkshop.com\/blog\/store\/wp-json\/wp\/v2\/product_brand?post=12974"},{"taxonomy":"product_cat","embeddable":true,"href":"https:\/\/chiccaworkshop.com\/blog\/store\/wp-json\/wp\/v2\/product_cat?post=12974"},{"taxonomy":"product_tag","embeddable":true,"href":"https:\/\/chiccaworkshop.com\/blog\/store\/wp-json\/wp\/v2\/product_tag?post=12974"}],"curies":[{"name":"wp","href":"https:\/\/api.w.org\/{rel}","templated":true}]}}