{"id":1311,"date":"2019-06-05T17:59:47","date_gmt":"2019-06-05T15:59:47","guid":{"rendered":"https:\/\/chiccaworkshop.com\/blog\/store\/?post_type=product&#038;p=1311"},"modified":"2023-11-29T08:49:55","modified_gmt":"2023-11-29T07:49:55","slug":"ith-porta-occhiali-con-applique-in-rilievo-ricamo-a-macchina","status":"publish","type":"product","link":"https:\/\/chiccaworkshop.com\/blog\/store\/prodotto\/ith-porta-occhiali-con-applique-in-rilievo-ricamo-a-macchina\/","title":{"rendered":"ITH &#8211; PORTA OCCHIALI con applique in rilievo &#8211; Ricamo a macchina"},"content":{"rendered":"<p>l download comprende il tutorial in formato pdf e il file in diverse estensioni: dst .xxx .hus .vp3 .pes .jef .vip \u2013 Per formati non presenti contattami.<\/p>\n<p>Data la natura digitale del file di ricamo, nessun rimborso \u00e8 previsto.<\/p>\n<p>Nota: questo \u00e8 un file per la macchina da ricamo, non per il ricamo a mano.<\/p>\n<p>Bisogna disporre di una macchina da ricamo e di un metodo per trasferire i files di progettazione alla macchina per utilizzare questo disegno. \u00c8 necessario disporre anche di software per estrarre i file zippati.<\/p>\n<p>Ho disegnato e digitalizzato il file interamente a mano, e ne detengo la piena propriet\u00e0, pu\u00f2 essere utilizzato su oggetti personali o destinati alla vendita, ma \u00e8 PROIBITO commercializzarlo, condividerlo o includerlo in qualisasi progetto destinato alla vendita.<\/p>\n<p>Non esitare a contattarmi per qualsiasi esigenza.<\/p>\n<p>Grazie per il tuo acquisto nel mio Store!<\/p>\n<p>Laura<\/p>\n<p>Seguimi anche attravero i miei canali:<\/p>\n<p><a href=\"https:\/\/www.facebook.com\/chiccaworkshop\/\" target=\"_blank\" rel=\"noopener noreferrer\">Facebook<\/a> \u2013 <a href=\"https:\/\/www.instagram.com\/lafataligure\/\" target=\"_blank\" rel=\"noopener noreferrer\">Instagram<\/a> \u2013\u00a0 <a href=\"https:\/\/it.pinterest.com\/lafataligure\/\" target=\"_blank\" rel=\"noopener noreferrer\">Pinterest<\/a> \u2013 <a href=\"https:\/\/youtu.be\/SD2tXKNgsBo\" target=\"_blank\" rel=\"noopener noreferrer\" data-rel=\"lightbox-video-0\">Yotube<\/a><\/p>\n","protected":false},"excerpt":{"rendered":"<p>Un bel portaocchiali molto estivo con applicazioni in rilevo, dedicato agli occhiali FAMOSI, progettato con la tecnica in the hoop.<\/p>\n<p>E&#8217; adatto al telaio 16&#215;26 o 20&#215;30<\/p>\n<p>La dimensione del porta occhiali \u00e8: chiuso cm. 17 x 8 &#8211; aperto cm. 22 x 8<\/p>\n<p>Scegli nel box sotto il tuo preferito<\/p>\n<p>Scorri la pagina per i dettagli<\/p>\n","protected":false},"featured_media":1319,"comment_status":"open","ping_status":"closed","template":"","meta":{"_uf_show_specific_survey":0,"_uf_disable_surveys":false},"product_brand":[],"product_cat":[20,38],"product_tag":[437,410,284,142,436,434,435,433,411,393,27],"class_list":{"0":"post-1311","1":"product","2":"type-product","3":"status-publish","4":"has-post-thumbnail","6":"product_cat-ricami-a-macchina","7":"product_cat-ricami-ith","8":"product_tag-custodia-occhiali","9":"product_tag-disegno-per-ricamatrice","10":"product_tag-in-the-hoop","11":"product_tag-ith","12":"product_tag-occhiali-audrey-hepburn","13":"product_tag-occhiali-john-lennon","14":"product_tag-occhiali-ray-ban","15":"product_tag-portaocchiali-ith","16":"product_tag-regalo-originale","17":"product_tag-ricami-gratis","18":"product_tag-ricamo-a-macchina","20":"first","21":"instock","22":"shipping-taxable","23":"purchasable","24":"product-type-variable"},"yoast_head":"<!-- This site is optimized with the Yoast SEO plugin v22.2 - https:\/\/yoast.com\/wordpress\/plugins\/seo\/ -->\n<title>ITH - PORTA OCCHIALI con applique in rilievo - Ricamo a macchina<\/title>\n<meta name=\"robots\" content=\"index, follow, max-snippet:-1, max-image-preview:large, max-video-preview:-1\" \/>\n<link rel=\"canonical\" href=\"https:\/\/chiccaworkshop.com\/blog\/store\/prodotto\/ith-porta-occhiali-con-applique-in-rilievo-ricamo-a-macchina\/\" \/>\n<meta property=\"og:locale\" content=\"it_IT\" \/>\n<meta property=\"og:type\" content=\"article\" \/>\n<meta property=\"og:title\" content=\"ITH - PORTA OCCHIALI con applique in rilievo - Ricamo a macchina\" \/>\n<meta property=\"og:description\" content=\"Un bel portaocchiali molto estivo con applicazioni in rilevo, dedicato agli occhiali FAMOSI, progettato con la tecnica in the hoop.  E&#039; adatto al telaio 16x26 o 20x30  La dimensione del porta occhiali \u00e8: chiuso cm. 17 x 8 - aperto cm. 22 x 8  Scegli nel box sotto il tuo preferito  Scorri la pagina per i dettagli\" \/>\n<meta property=\"og:url\" content=\"https:\/\/chiccaworkshop.com\/blog\/store\/prodotto\/ith-porta-occhiali-con-applique-in-rilievo-ricamo-a-macchina\/\" \/>\n<meta property=\"og:site_name\" content=\"CHICCAWORKSHOP STORE\" \/>\n<meta property=\"article:publisher\" content=\"https:\/\/www.facebook.com\/chiccaworkshop\/\" \/>\n<meta property=\"article:modified_time\" content=\"2023-11-29T07:49:55+00:00\" \/>\n<meta property=\"og:image\" content=\"https:\/\/i0.wp.com\/chiccaworkshop.com\/blog\/store\/wp-content\/uploads\/sites\/2\/2019\/06\/ITH-eyeglasses-holder-tutorial.jpg?fit=1000%2C750&ssl=1\" \/>\n\t<meta property=\"og:image:width\" content=\"1000\" \/>\n\t<meta property=\"og:image:height\" content=\"750\" \/>\n\t<meta property=\"og:image:type\" content=\"image\/jpeg\" \/>\n<meta name=\"twitter:card\" content=\"summary_large_image\" \/>\n<meta name=\"twitter:site\" content=\"@chiccaworkshop\" \/>\n<meta name=\"twitter:label1\" content=\"Tempo di lettura stimato\" \/>\n\t<meta name=\"twitter:data1\" content=\"1 minuto\" \/>\n<script type=\"application\/ld+json\" class=\"yoast-schema-graph\">{\"@context\":\"https:\/\/schema.org\",\"@graph\":[{\"@type\":\"WebPage\",\"@id\":\"https:\/\/chiccaworkshop.com\/blog\/store\/prodotto\/ith-porta-occhiali-con-applique-in-rilievo-ricamo-a-macchina\/\",\"url\":\"https:\/\/chiccaworkshop.com\/blog\/store\/prodotto\/ith-porta-occhiali-con-applique-in-rilievo-ricamo-a-macchina\/\",\"name\":\"ITH - PORTA OCCHIALI con applique in rilievo - Ricamo a macchina\",\"isPartOf\":{\"@id\":\"https:\/\/chiccaworkshop.com\/blog\/store\/#website\"},\"primaryImageOfPage\":{\"@id\":\"https:\/\/chiccaworkshop.com\/blog\/store\/prodotto\/ith-porta-occhiali-con-applique-in-rilievo-ricamo-a-macchina\/#primaryimage\"},\"image\":{\"@id\":\"https:\/\/chiccaworkshop.com\/blog\/store\/prodotto\/ith-porta-occhiali-con-applique-in-rilievo-ricamo-a-macchina\/#primaryimage\"},\"thumbnailUrl\":\"https:\/\/i0.wp.com\/chiccaworkshop.com\/blog\/store\/wp-content\/uploads\/sites\/2\/2019\/06\/ITH-eyeglasses-holder-tutorial.jpg?fit=1000%2C750&ssl=1\",\"datePublished\":\"2019-06-05T15:59:47+00:00\",\"dateModified\":\"2023-11-29T07:49:55+00:00\",\"breadcrumb\":{\"@id\":\"https:\/\/chiccaworkshop.com\/blog\/store\/prodotto\/ith-porta-occhiali-con-applique-in-rilievo-ricamo-a-macchina\/#breadcrumb\"},\"inLanguage\":\"it-IT\",\"potentialAction\":[{\"@type\":\"ReadAction\",\"target\":[\"https:\/\/chiccaworkshop.com\/blog\/store\/prodotto\/ith-porta-occhiali-con-applique-in-rilievo-ricamo-a-macchina\/\"]}]},{\"@type\":\"ImageObject\",\"inLanguage\":\"it-IT\",\"@id\":\"https:\/\/chiccaworkshop.com\/blog\/store\/prodotto\/ith-porta-occhiali-con-applique-in-rilievo-ricamo-a-macchina\/#primaryimage\",\"url\":\"https:\/\/i0.wp.com\/chiccaworkshop.com\/blog\/store\/wp-content\/uploads\/sites\/2\/2019\/06\/ITH-eyeglasses-holder-tutorial.jpg?fit=1000%2C750&ssl=1\",\"contentUrl\":\"https:\/\/i0.wp.com\/chiccaworkshop.com\/blog\/store\/wp-content\/uploads\/sites\/2\/2019\/06\/ITH-eyeglasses-holder-tutorial.jpg?fit=1000%2C750&ssl=1\",\"width\":1000,\"height\":750},{\"@type\":\"BreadcrumbList\",\"@id\":\"https:\/\/chiccaworkshop.com\/blog\/store\/prodotto\/ith-porta-occhiali-con-applique-in-rilievo-ricamo-a-macchina\/#breadcrumb\",\"itemListElement\":[{\"@type\":\"ListItem\",\"position\":1,\"name\":\"Home\",\"item\":\"https:\/\/chiccaworkshop.com\/blog\/store\/\"},{\"@type\":\"ListItem\",\"position\":2,\"name\":\"Shop\",\"item\":\"https:\/\/chiccaworkshop.com\/blog\/store\/negozio\/\"},{\"@type\":\"ListItem\",\"position\":3,\"name\":\"ITH &#8211; PORTA OCCHIALI con applique in rilievo &#8211; Ricamo a macchina\"}]},{\"@type\":\"WebSite\",\"@id\":\"https:\/\/chiccaworkshop.com\/blog\/store\/#website\",\"url\":\"https:\/\/chiccaworkshop.com\/blog\/store\/\",\"name\":\"CHICCAWORKSHOP STORE\",\"description\":\"CHIACCAWORKSHOP STORE\",\"publisher\":{\"@id\":\"https:\/\/chiccaworkshop.com\/blog\/store\/#\/schema\/person\/9ef63677b7feef152a7042148a1886e9\"},\"potentialAction\":[{\"@type\":\"SearchAction\",\"target\":{\"@type\":\"EntryPoint\",\"urlTemplate\":\"https:\/\/chiccaworkshop.com\/blog\/store\/?s={search_term_string}\"},\"query-input\":\"required name=search_term_string\"}],\"inLanguage\":\"it-IT\"},{\"@type\":[\"Person\",\"Organization\"],\"@id\":\"https:\/\/chiccaworkshop.com\/blog\/store\/#\/schema\/person\/9ef63677b7feef152a7042148a1886e9\",\"name\":\"CHICCA\",\"image\":{\"@type\":\"ImageObject\",\"inLanguage\":\"it-IT\",\"@id\":\"https:\/\/chiccaworkshop.com\/blog\/store\/#\/schema\/person\/image\/\",\"url\":\"https:\/\/i0.wp.com\/chiccaworkshop.com\/blog\/store\/wp-content\/uploads\/sites\/2\/2017\/09\/store-nero.png?fit=446%2C108&ssl=1\",\"contentUrl\":\"https:\/\/i0.wp.com\/chiccaworkshop.com\/blog\/store\/wp-content\/uploads\/sites\/2\/2017\/09\/store-nero.png?fit=446%2C108&ssl=1\",\"width\":446,\"height\":108,\"caption\":\"CHICCA\"},\"logo\":{\"@id\":\"https:\/\/chiccaworkshop.com\/blog\/store\/#\/schema\/person\/image\/\"},\"sameAs\":[\"https:\/\/chiccaworkshop.com\/blog\",\"https:\/\/www.facebook.com\/chiccaworkshop\/\",\"https:\/\/www.instagram.com\/chiccaworkshop\/\",\"https:\/\/www.pinterest.it\/chiccaworkshop\/\",\"https:\/\/twitter.com\/chiccaworkshop\",\"https:\/\/www.youtube.com\/channel\/UCapT3yDiMNoVj85UamYMWYg?view_as=subscriber\"]}]}<\/script>\n<!-- \/ Yoast SEO plugin. -->","yoast_head_json":{"title":"ITH - PORTA OCCHIALI con applique in rilievo - Ricamo a macchina","robots":{"index":"index","follow":"follow","max-snippet":"max-snippet:-1","max-image-preview":"max-image-preview:large","max-video-preview":"max-video-preview:-1"},"canonical":"https:\/\/chiccaworkshop.com\/blog\/store\/prodotto\/ith-porta-occhiali-con-applique-in-rilievo-ricamo-a-macchina\/","og_locale":"it_IT","og_type":"article","og_title":"ITH - PORTA OCCHIALI con applique in rilievo - Ricamo a macchina","og_description":"Un bel portaocchiali molto estivo con applicazioni in rilevo, dedicato agli occhiali FAMOSI, progettato con la tecnica in the hoop.  E' adatto al telaio 16x26 o 20x30  La dimensione del porta occhiali \u00e8: chiuso cm. 17 x 8 - aperto cm. 22 x 8  Scegli nel box sotto il tuo preferito  Scorri la pagina per i dettagli","og_url":"https:\/\/chiccaworkshop.com\/blog\/store\/prodotto\/ith-porta-occhiali-con-applique-in-rilievo-ricamo-a-macchina\/","og_site_name":"CHICCAWORKSHOP STORE","article_publisher":"https:\/\/www.facebook.com\/chiccaworkshop\/","article_modified_time":"2023-11-29T07:49:55+00:00","og_image":[{"width":1000,"height":750,"url":"https:\/\/i0.wp.com\/chiccaworkshop.com\/blog\/store\/wp-content\/uploads\/sites\/2\/2019\/06\/ITH-eyeglasses-holder-tutorial.jpg?fit=1000%2C750&ssl=1","type":"image\/jpeg"}],"twitter_card":"summary_large_image","twitter_site":"@chiccaworkshop","twitter_misc":{"Tempo di lettura stimato":"1 minuto"},"schema":{"@context":"https:\/\/schema.org","@graph":[{"@type":"WebPage","@id":"https:\/\/chiccaworkshop.com\/blog\/store\/prodotto\/ith-porta-occhiali-con-applique-in-rilievo-ricamo-a-macchina\/","url":"https:\/\/chiccaworkshop.com\/blog\/store\/prodotto\/ith-porta-occhiali-con-applique-in-rilievo-ricamo-a-macchina\/","name":"ITH - PORTA OCCHIALI con applique in rilievo - Ricamo a macchina","isPartOf":{"@id":"https:\/\/chiccaworkshop.com\/blog\/store\/#website"},"primaryImageOfPage":{"@id":"https:\/\/chiccaworkshop.com\/blog\/store\/prodotto\/ith-porta-occhiali-con-applique-in-rilievo-ricamo-a-macchina\/#primaryimage"},"image":{"@id":"https:\/\/chiccaworkshop.com\/blog\/store\/prodotto\/ith-porta-occhiali-con-applique-in-rilievo-ricamo-a-macchina\/#primaryimage"},"thumbnailUrl":"https:\/\/i0.wp.com\/chiccaworkshop.com\/blog\/store\/wp-content\/uploads\/sites\/2\/2019\/06\/ITH-eyeglasses-holder-tutorial.jpg?fit=1000%2C750&ssl=1","datePublished":"2019-06-05T15:59:47+00:00","dateModified":"2023-11-29T07:49:55+00:00","breadcrumb":{"@id":"https:\/\/chiccaworkshop.com\/blog\/store\/prodotto\/ith-porta-occhiali-con-applique-in-rilievo-ricamo-a-macchina\/#breadcrumb"},"inLanguage":"it-IT","potentialAction":[{"@type":"ReadAction","target":["https:\/\/chiccaworkshop.com\/blog\/store\/prodotto\/ith-porta-occhiali-con-applique-in-rilievo-ricamo-a-macchina\/"]}]},{"@type":"ImageObject","inLanguage":"it-IT","@id":"https:\/\/chiccaworkshop.com\/blog\/store\/prodotto\/ith-porta-occhiali-con-applique-in-rilievo-ricamo-a-macchina\/#primaryimage","url":"https:\/\/i0.wp.com\/chiccaworkshop.com\/blog\/store\/wp-content\/uploads\/sites\/2\/2019\/06\/ITH-eyeglasses-holder-tutorial.jpg?fit=1000%2C750&ssl=1","contentUrl":"https:\/\/i0.wp.com\/chiccaworkshop.com\/blog\/store\/wp-content\/uploads\/sites\/2\/2019\/06\/ITH-eyeglasses-holder-tutorial.jpg?fit=1000%2C750&ssl=1","width":1000,"height":750},{"@type":"BreadcrumbList","@id":"https:\/\/chiccaworkshop.com\/blog\/store\/prodotto\/ith-porta-occhiali-con-applique-in-rilievo-ricamo-a-macchina\/#breadcrumb","itemListElement":[{"@type":"ListItem","position":1,"name":"Home","item":"https:\/\/chiccaworkshop.com\/blog\/store\/"},{"@type":"ListItem","position":2,"name":"Shop","item":"https:\/\/chiccaworkshop.com\/blog\/store\/negozio\/"},{"@type":"ListItem","position":3,"name":"ITH &#8211; PORTA OCCHIALI con applique in rilievo &#8211; Ricamo a macchina"}]},{"@type":"WebSite","@id":"https:\/\/chiccaworkshop.com\/blog\/store\/#website","url":"https:\/\/chiccaworkshop.com\/blog\/store\/","name":"CHICCAWORKSHOP STORE","description":"CHIACCAWORKSHOP STORE","publisher":{"@id":"https:\/\/chiccaworkshop.com\/blog\/store\/#\/schema\/person\/9ef63677b7feef152a7042148a1886e9"},"potentialAction":[{"@type":"SearchAction","target":{"@type":"EntryPoint","urlTemplate":"https:\/\/chiccaworkshop.com\/blog\/store\/?s={search_term_string}"},"query-input":"required name=search_term_string"}],"inLanguage":"it-IT"},{"@type":["Person","Organization"],"@id":"https:\/\/chiccaworkshop.com\/blog\/store\/#\/schema\/person\/9ef63677b7feef152a7042148a1886e9","name":"CHICCA","image":{"@type":"ImageObject","inLanguage":"it-IT","@id":"https:\/\/chiccaworkshop.com\/blog\/store\/#\/schema\/person\/image\/","url":"https:\/\/i0.wp.com\/chiccaworkshop.com\/blog\/store\/wp-content\/uploads\/sites\/2\/2017\/09\/store-nero.png?fit=446%2C108&ssl=1","contentUrl":"https:\/\/i0.wp.com\/chiccaworkshop.com\/blog\/store\/wp-content\/uploads\/sites\/2\/2017\/09\/store-nero.png?fit=446%2C108&ssl=1","width":446,"height":108,"caption":"CHICCA"},"logo":{"@id":"https:\/\/chiccaworkshop.com\/blog\/store\/#\/schema\/person\/image\/"},"sameAs":["https:\/\/chiccaworkshop.com\/blog","https:\/\/www.facebook.com\/chiccaworkshop\/","https:\/\/www.instagram.com\/chiccaworkshop\/","https:\/\/www.pinterest.it\/chiccaworkshop\/","https:\/\/twitter.com\/chiccaworkshop","https:\/\/www.youtube.com\/channel\/UCapT3yDiMNoVj85UamYMWYg?view_as=subscriber"]}]}},"jetpack_sharing_enabled":true,"jetpack-related-posts":[],"jetpack_likes_enabled":true,"_links":{"self":[{"href":"https:\/\/chiccaworkshop.com\/blog\/store\/wp-json\/wp\/v2\/product\/1311","targetHints":{"allow":["GET"]}}],"collection":[{"href":"https:\/\/chiccaworkshop.com\/blog\/store\/wp-json\/wp\/v2\/product"}],"about":[{"href":"https:\/\/chiccaworkshop.com\/blog\/store\/wp-json\/wp\/v2\/types\/product"}],"replies":[{"embeddable":true,"href":"https:\/\/chiccaworkshop.com\/blog\/store\/wp-json\/wp\/v2\/comments?post=1311"}],"wp:featuredmedia":[{"embeddable":true,"href":"https:\/\/chiccaworkshop.com\/blog\/store\/wp-json\/wp\/v2\/media\/1319"}],"wp:attachment":[{"href":"https:\/\/chiccaworkshop.com\/blog\/store\/wp-json\/wp\/v2\/media?parent=1311"}],"wp:term":[{"taxonomy":"product_brand","embeddable":true,"href":"https:\/\/chiccaworkshop.com\/blog\/store\/wp-json\/wp\/v2\/product_brand?post=1311"},{"taxonomy":"product_cat","embeddable":true,"href":"https:\/\/chiccaworkshop.com\/blog\/store\/wp-json\/wp\/v2\/product_cat?post=1311"},{"taxonomy":"product_tag","embeddable":true,"href":"https:\/\/chiccaworkshop.com\/blog\/store\/wp-json\/wp\/v2\/product_tag?post=1311"}],"curies":[{"name":"wp","href":"https:\/\/api.w.org\/{rel}","templated":true}]}}