{"id":396,"date":"2017-11-17T18:34:57","date_gmt":"2017-11-17T17:34:57","guid":{"rendered":"https:\/\/chiccaworkshop.com\/blog\/store\/?post_type=product&#038;p=396"},"modified":"2024-07-21T10:04:03","modified_gmt":"2024-07-21T08:04:03","slug":"gattini-applique-download-digitale","status":"publish","type":"product","link":"https:\/\/chiccaworkshop.com\/blog\/store\/prodotto\/gattini-applique-download-digitale\/","title":{"rendered":"Gattini Appliqu\u00e8 &#8211; Download Digitale"},"content":{"rendered":"<p>Nota: questo \u00e8 un file per la macchina da ricamo, non per il ricamo a mano.<\/p>\n<p>Bisogna disporre di una macchina da ricamo e di un metodo per trasferire i files di progettazione alla macchina per utilizzare questo disegno. \u00c8 necessario disporre anche di software per estrarre i file zippati.<\/p>\n<p>Ho disegnato e digitalizzato il file interamente a mano, e ne detengo la piena propriet\u00e0, pu\u00f2 essere utilizzato su oggetti personali o destinati alla vendita, ma \u00e8 PROIBITO commercializzarlo, condividerlo o includerlo in qualisasi progetto destinato alla vendita.<\/p>\n<p>Non esitare a contattarmi per qualsiasi esigenza.<\/p>\n<p>Grazie per il tuo acquisto nel mio Store!<\/p>\n<p>Laura<\/p>\n<p>Seguimi anche attravero i miei canali:<\/p>\n<p><a href=\"https:\/\/www.facebook.com\/chiccaworkshop\/\" target=\"_blank\" rel=\"noopener noreferrer\">Facebook<\/a> \u2013 <a href=\"https:\/\/www.instagram.com\/lafataligure\/\" target=\"_blank\" rel=\"noopener noreferrer\">Instagram<\/a> \u2013\u00a0 <a href=\"https:\/\/it.pinterest.com\/lafataligure\/\" target=\"_blank\" rel=\"noopener noreferrer\">Pinterest<\/a> \u2013 <a href=\"https:\/\/youtu.be\/SD2tXKNgsBo\" target=\"_blank\" rel=\"noopener noreferrer\" data-rel=\"lightbox-video-0\">Yotube<\/a><\/p>\n","protected":false},"excerpt":{"rendered":"<p>Pacchetto files da ricamo per realizzare i tre gattini come mostrato in foto<\/p>\n<p>Sono ricami in applicazione, si realizzano nel telaio 100&#215;100 mm &#8211; (4&#215;4&#8242;)<\/p>\n<p>Dimensione cm. 9 x 8 ca. ciascuno<\/p>\n<p>Download digitale immediato in formato .zip<br \/>\ncontentente i files di tutti e tre i gattini in 6 formati differenti:<br \/>\nDST, VIP, HUS, VP3, PES and .JEF<\/p>\n<p>Se si desidera acquistare uno solo dei file contattatemi<br \/>\nIl costo di un singolo gattino \u00e8 di Euro 3,50<\/p>\n","protected":false},"featured_media":421,"comment_status":"open","ping_status":"closed","template":"","meta":{"_uf_show_specific_survey":0,"_uf_disable_surveys":false},"product_brand":[],"product_cat":[20,37],"product_tag":[42,110,23,27,28],"class_list":{"0":"post-396","1":"product","2":"type-product","3":"status-publish","4":"has-post-thumbnail","6":"product_cat-ricami-a-macchina","7":"product_cat-ricami-applique","8":"product_tag-bavaglino","9":"product_tag-bruco-applique","10":"product_tag-embroidery-machine","11":"product_tag-ricamo-a-macchina","12":"product_tag-ricamo-applique","14":"first","15":"instock","16":"downloadable","17":"virtual","18":"purchasable","19":"product-type-simple"},"yoast_head":"<!-- This site is optimized with the Yoast SEO plugin v22.2 - https:\/\/yoast.com\/wordpress\/plugins\/seo\/ -->\n<title>Gattini Appliqu\u00e8 - Download Digitale - CHICCAWORKSHOP<\/title>\n<meta name=\"robots\" content=\"index, follow, max-snippet:-1, max-image-preview:large, max-video-preview:-1\" \/>\n<link rel=\"canonical\" href=\"https:\/\/chiccaworkshop.com\/blog\/store\/prodotto\/gattini-applique-download-digitale\/\" \/>\n<meta property=\"og:locale\" content=\"it_IT\" \/>\n<meta property=\"og:type\" content=\"article\" \/>\n<meta property=\"og:title\" content=\"Gattini Appliqu\u00e8 - Download Digitale - CHICCAWORKSHOP\" \/>\n<meta property=\"og:description\" content=\"Pacchetto files da ricamo per realizzare i tre gattini come mostrato in foto  Sono ricami in applicazione, si realizzano nel telaio 100x100 mm - (4x4&#039;)  Dimensione cm. 9 x 8 ca. ciascuno  Download digitale immediato in formato .zip contentente i files di tutti e tre i gattini in 6 formati differenti: DST, VIP, HUS, VP3, PES and .JEF  Se si desidera acquistare uno solo dei file contattatemi Il costo di un singolo gattino \u00e8 di Euro 3,50\" \/>\n<meta property=\"og:url\" content=\"https:\/\/chiccaworkshop.com\/blog\/store\/prodotto\/gattini-applique-download-digitale\/\" \/>\n<meta property=\"og:site_name\" content=\"CHICCAWORKSHOP STORE\" \/>\n<meta property=\"article:publisher\" content=\"https:\/\/www.facebook.com\/chiccaworkshop\/\" \/>\n<meta property=\"article:modified_time\" content=\"2024-07-21T08:04:03+00:00\" \/>\n<meta property=\"og:image\" content=\"https:\/\/i2.wp.com\/chiccaworkshop.com\/blog\/store\/wp-content\/uploads\/sites\/2\/2017\/11\/gattini-applique-cover.jpg?fit=1000%2C799&ssl=1\" \/>\n\t<meta property=\"og:image:width\" content=\"1000\" \/>\n\t<meta property=\"og:image:height\" content=\"799\" \/>\n\t<meta property=\"og:image:type\" content=\"image\/jpeg\" \/>\n<meta name=\"twitter:card\" content=\"summary_large_image\" \/>\n<meta name=\"twitter:site\" content=\"@chiccaworkshop\" \/>\n<meta name=\"twitter:label1\" content=\"Tempo di lettura stimato\" \/>\n\t<meta name=\"twitter:data1\" content=\"1 minuto\" \/>\n<script type=\"application\/ld+json\" class=\"yoast-schema-graph\">{\"@context\":\"https:\/\/schema.org\",\"@graph\":[{\"@type\":\"WebPage\",\"@id\":\"https:\/\/chiccaworkshop.com\/blog\/store\/prodotto\/gattini-applique-download-digitale\/\",\"url\":\"https:\/\/chiccaworkshop.com\/blog\/store\/prodotto\/gattini-applique-download-digitale\/\",\"name\":\"Gattini Appliqu\u00e8 - Download Digitale - CHICCAWORKSHOP\",\"isPartOf\":{\"@id\":\"https:\/\/chiccaworkshop.com\/blog\/store\/#website\"},\"primaryImageOfPage\":{\"@id\":\"https:\/\/chiccaworkshop.com\/blog\/store\/prodotto\/gattini-applique-download-digitale\/#primaryimage\"},\"image\":{\"@id\":\"https:\/\/chiccaworkshop.com\/blog\/store\/prodotto\/gattini-applique-download-digitale\/#primaryimage\"},\"thumbnailUrl\":\"https:\/\/i0.wp.com\/chiccaworkshop.com\/blog\/store\/wp-content\/uploads\/sites\/2\/2017\/11\/gattini-applique-cover.jpg?fit=1000%2C799&ssl=1\",\"datePublished\":\"2017-11-17T17:34:57+00:00\",\"dateModified\":\"2024-07-21T08:04:03+00:00\",\"breadcrumb\":{\"@id\":\"https:\/\/chiccaworkshop.com\/blog\/store\/prodotto\/gattini-applique-download-digitale\/#breadcrumb\"},\"inLanguage\":\"it-IT\",\"potentialAction\":[{\"@type\":\"ReadAction\",\"target\":[\"https:\/\/chiccaworkshop.com\/blog\/store\/prodotto\/gattini-applique-download-digitale\/\"]}]},{\"@type\":\"ImageObject\",\"inLanguage\":\"it-IT\",\"@id\":\"https:\/\/chiccaworkshop.com\/blog\/store\/prodotto\/gattini-applique-download-digitale\/#primaryimage\",\"url\":\"https:\/\/i0.wp.com\/chiccaworkshop.com\/blog\/store\/wp-content\/uploads\/sites\/2\/2017\/11\/gattini-applique-cover.jpg?fit=1000%2C799&ssl=1\",\"contentUrl\":\"https:\/\/i0.wp.com\/chiccaworkshop.com\/blog\/store\/wp-content\/uploads\/sites\/2\/2017\/11\/gattini-applique-cover.jpg?fit=1000%2C799&ssl=1\",\"width\":1000,\"height\":799},{\"@type\":\"BreadcrumbList\",\"@id\":\"https:\/\/chiccaworkshop.com\/blog\/store\/prodotto\/gattini-applique-download-digitale\/#breadcrumb\",\"itemListElement\":[{\"@type\":\"ListItem\",\"position\":1,\"name\":\"Home\",\"item\":\"https:\/\/chiccaworkshop.com\/blog\/store\/\"},{\"@type\":\"ListItem\",\"position\":2,\"name\":\"Shop\",\"item\":\"https:\/\/chiccaworkshop.com\/blog\/store\/negozio\/\"},{\"@type\":\"ListItem\",\"position\":3,\"name\":\"Gattini Appliqu\u00e8 &#8211; Download Digitale\"}]},{\"@type\":\"WebSite\",\"@id\":\"https:\/\/chiccaworkshop.com\/blog\/store\/#website\",\"url\":\"https:\/\/chiccaworkshop.com\/blog\/store\/\",\"name\":\"CHICCAWORKSHOP STORE\",\"description\":\"CHIACCAWORKSHOP STORE\",\"publisher\":{\"@id\":\"https:\/\/chiccaworkshop.com\/blog\/store\/#\/schema\/person\/9ef63677b7feef152a7042148a1886e9\"},\"potentialAction\":[{\"@type\":\"SearchAction\",\"target\":{\"@type\":\"EntryPoint\",\"urlTemplate\":\"https:\/\/chiccaworkshop.com\/blog\/store\/?s={search_term_string}\"},\"query-input\":\"required name=search_term_string\"}],\"inLanguage\":\"it-IT\"},{\"@type\":[\"Person\",\"Organization\"],\"@id\":\"https:\/\/chiccaworkshop.com\/blog\/store\/#\/schema\/person\/9ef63677b7feef152a7042148a1886e9\",\"name\":\"CHICCA\",\"image\":{\"@type\":\"ImageObject\",\"inLanguage\":\"it-IT\",\"@id\":\"https:\/\/chiccaworkshop.com\/blog\/store\/#\/schema\/person\/image\/\",\"url\":\"https:\/\/i0.wp.com\/chiccaworkshop.com\/blog\/store\/wp-content\/uploads\/sites\/2\/2017\/09\/store-nero.png?fit=446%2C108&ssl=1\",\"contentUrl\":\"https:\/\/i0.wp.com\/chiccaworkshop.com\/blog\/store\/wp-content\/uploads\/sites\/2\/2017\/09\/store-nero.png?fit=446%2C108&ssl=1\",\"width\":446,\"height\":108,\"caption\":\"CHICCA\"},\"logo\":{\"@id\":\"https:\/\/chiccaworkshop.com\/blog\/store\/#\/schema\/person\/image\/\"},\"sameAs\":[\"https:\/\/chiccaworkshop.com\/blog\",\"https:\/\/www.facebook.com\/chiccaworkshop\/\",\"https:\/\/www.instagram.com\/chiccaworkshop\/\",\"https:\/\/www.pinterest.it\/chiccaworkshop\/\",\"https:\/\/twitter.com\/chiccaworkshop\",\"https:\/\/www.youtube.com\/channel\/UCapT3yDiMNoVj85UamYMWYg?view_as=subscriber\"]}]}<\/script>\n<!-- \/ Yoast SEO plugin. -->","yoast_head_json":{"title":"Gattini Appliqu\u00e8 - Download Digitale - CHICCAWORKSHOP","robots":{"index":"index","follow":"follow","max-snippet":"max-snippet:-1","max-image-preview":"max-image-preview:large","max-video-preview":"max-video-preview:-1"},"canonical":"https:\/\/chiccaworkshop.com\/blog\/store\/prodotto\/gattini-applique-download-digitale\/","og_locale":"it_IT","og_type":"article","og_title":"Gattini Appliqu\u00e8 - Download Digitale - CHICCAWORKSHOP","og_description":"Pacchetto files da ricamo per realizzare i tre gattini come mostrato in foto  Sono ricami in applicazione, si realizzano nel telaio 100x100 mm - (4x4')  Dimensione cm. 9 x 8 ca. ciascuno  Download digitale immediato in formato .zip contentente i files di tutti e tre i gattini in 6 formati differenti: DST, VIP, HUS, VP3, PES and .JEF  Se si desidera acquistare uno solo dei file contattatemi Il costo di un singolo gattino \u00e8 di Euro 3,50","og_url":"https:\/\/chiccaworkshop.com\/blog\/store\/prodotto\/gattini-applique-download-digitale\/","og_site_name":"CHICCAWORKSHOP STORE","article_publisher":"https:\/\/www.facebook.com\/chiccaworkshop\/","article_modified_time":"2024-07-21T08:04:03+00:00","og_image":[{"width":1000,"height":799,"url":"https:\/\/i2.wp.com\/chiccaworkshop.com\/blog\/store\/wp-content\/uploads\/sites\/2\/2017\/11\/gattini-applique-cover.jpg?fit=1000%2C799&ssl=1","type":"image\/jpeg"}],"twitter_card":"summary_large_image","twitter_site":"@chiccaworkshop","twitter_misc":{"Tempo di lettura stimato":"1 minuto"},"schema":{"@context":"https:\/\/schema.org","@graph":[{"@type":"WebPage","@id":"https:\/\/chiccaworkshop.com\/blog\/store\/prodotto\/gattini-applique-download-digitale\/","url":"https:\/\/chiccaworkshop.com\/blog\/store\/prodotto\/gattini-applique-download-digitale\/","name":"Gattini Appliqu\u00e8 - Download Digitale - CHICCAWORKSHOP","isPartOf":{"@id":"https:\/\/chiccaworkshop.com\/blog\/store\/#website"},"primaryImageOfPage":{"@id":"https:\/\/chiccaworkshop.com\/blog\/store\/prodotto\/gattini-applique-download-digitale\/#primaryimage"},"image":{"@id":"https:\/\/chiccaworkshop.com\/blog\/store\/prodotto\/gattini-applique-download-digitale\/#primaryimage"},"thumbnailUrl":"https:\/\/i0.wp.com\/chiccaworkshop.com\/blog\/store\/wp-content\/uploads\/sites\/2\/2017\/11\/gattini-applique-cover.jpg?fit=1000%2C799&ssl=1","datePublished":"2017-11-17T17:34:57+00:00","dateModified":"2024-07-21T08:04:03+00:00","breadcrumb":{"@id":"https:\/\/chiccaworkshop.com\/blog\/store\/prodotto\/gattini-applique-download-digitale\/#breadcrumb"},"inLanguage":"it-IT","potentialAction":[{"@type":"ReadAction","target":["https:\/\/chiccaworkshop.com\/blog\/store\/prodotto\/gattini-applique-download-digitale\/"]}]},{"@type":"ImageObject","inLanguage":"it-IT","@id":"https:\/\/chiccaworkshop.com\/blog\/store\/prodotto\/gattini-applique-download-digitale\/#primaryimage","url":"https:\/\/i0.wp.com\/chiccaworkshop.com\/blog\/store\/wp-content\/uploads\/sites\/2\/2017\/11\/gattini-applique-cover.jpg?fit=1000%2C799&ssl=1","contentUrl":"https:\/\/i0.wp.com\/chiccaworkshop.com\/blog\/store\/wp-content\/uploads\/sites\/2\/2017\/11\/gattini-applique-cover.jpg?fit=1000%2C799&ssl=1","width":1000,"height":799},{"@type":"BreadcrumbList","@id":"https:\/\/chiccaworkshop.com\/blog\/store\/prodotto\/gattini-applique-download-digitale\/#breadcrumb","itemListElement":[{"@type":"ListItem","position":1,"name":"Home","item":"https:\/\/chiccaworkshop.com\/blog\/store\/"},{"@type":"ListItem","position":2,"name":"Shop","item":"https:\/\/chiccaworkshop.com\/blog\/store\/negozio\/"},{"@type":"ListItem","position":3,"name":"Gattini Appliqu\u00e8 &#8211; Download Digitale"}]},{"@type":"WebSite","@id":"https:\/\/chiccaworkshop.com\/blog\/store\/#website","url":"https:\/\/chiccaworkshop.com\/blog\/store\/","name":"CHICCAWORKSHOP STORE","description":"CHIACCAWORKSHOP STORE","publisher":{"@id":"https:\/\/chiccaworkshop.com\/blog\/store\/#\/schema\/person\/9ef63677b7feef152a7042148a1886e9"},"potentialAction":[{"@type":"SearchAction","target":{"@type":"EntryPoint","urlTemplate":"https:\/\/chiccaworkshop.com\/blog\/store\/?s={search_term_string}"},"query-input":"required name=search_term_string"}],"inLanguage":"it-IT"},{"@type":["Person","Organization"],"@id":"https:\/\/chiccaworkshop.com\/blog\/store\/#\/schema\/person\/9ef63677b7feef152a7042148a1886e9","name":"CHICCA","image":{"@type":"ImageObject","inLanguage":"it-IT","@id":"https:\/\/chiccaworkshop.com\/blog\/store\/#\/schema\/person\/image\/","url":"https:\/\/i0.wp.com\/chiccaworkshop.com\/blog\/store\/wp-content\/uploads\/sites\/2\/2017\/09\/store-nero.png?fit=446%2C108&ssl=1","contentUrl":"https:\/\/i0.wp.com\/chiccaworkshop.com\/blog\/store\/wp-content\/uploads\/sites\/2\/2017\/09\/store-nero.png?fit=446%2C108&ssl=1","width":446,"height":108,"caption":"CHICCA"},"logo":{"@id":"https:\/\/chiccaworkshop.com\/blog\/store\/#\/schema\/person\/image\/"},"sameAs":["https:\/\/chiccaworkshop.com\/blog","https:\/\/www.facebook.com\/chiccaworkshop\/","https:\/\/www.instagram.com\/chiccaworkshop\/","https:\/\/www.pinterest.it\/chiccaworkshop\/","https:\/\/twitter.com\/chiccaworkshop","https:\/\/www.youtube.com\/channel\/UCapT3yDiMNoVj85UamYMWYg?view_as=subscriber"]}]}},"jetpack_sharing_enabled":true,"jetpack-related-posts":[],"jetpack_likes_enabled":true,"_links":{"self":[{"href":"https:\/\/chiccaworkshop.com\/blog\/store\/wp-json\/wp\/v2\/product\/396","targetHints":{"allow":["GET"]}}],"collection":[{"href":"https:\/\/chiccaworkshop.com\/blog\/store\/wp-json\/wp\/v2\/product"}],"about":[{"href":"https:\/\/chiccaworkshop.com\/blog\/store\/wp-json\/wp\/v2\/types\/product"}],"replies":[{"embeddable":true,"href":"https:\/\/chiccaworkshop.com\/blog\/store\/wp-json\/wp\/v2\/comments?post=396"}],"wp:featuredmedia":[{"embeddable":true,"href":"https:\/\/chiccaworkshop.com\/blog\/store\/wp-json\/wp\/v2\/media\/421"}],"wp:attachment":[{"href":"https:\/\/chiccaworkshop.com\/blog\/store\/wp-json\/wp\/v2\/media?parent=396"}],"wp:term":[{"taxonomy":"product_brand","embeddable":true,"href":"https:\/\/chiccaworkshop.com\/blog\/store\/wp-json\/wp\/v2\/product_brand?post=396"},{"taxonomy":"product_cat","embeddable":true,"href":"https:\/\/chiccaworkshop.com\/blog\/store\/wp-json\/wp\/v2\/product_cat?post=396"},{"taxonomy":"product_tag","embeddable":true,"href":"https:\/\/chiccaworkshop.com\/blog\/store\/wp-json\/wp\/v2\/product_tag?post=396"}],"curies":[{"name":"wp","href":"https:\/\/api.w.org\/{rel}","templated":true}]}}