{"id":457,"date":"2018-01-16T17:25:45","date_gmt":"2018-01-16T16:25:45","guid":{"rendered":"https:\/\/chiccaworkshop.com\/blog\/store\/?post_type=product&#038;p=457"},"modified":"2018-01-16T17:38:34","modified_gmt":"2018-01-16T16:38:34","slug":"valentines-day-package-embroidery-machine","status":"publish","type":"product","link":"https:\/\/chiccaworkshop.com\/blog\/store\/prodotto\/valentines-day-package-embroidery-machine\/","title":{"rendered":"Valentine&#8217;s Day Package &#8211; Embroidery Machine"},"content":{"rendered":"<p>Il download digitale \u00e8 in formato .zip e contiene tutti gli 8 file in 6 diverse estensioni<br \/>\nSEW, VIP, HUS, VP3, PES and .JEF<\/p>\n<p>Se utilizzate qualche altro formato contattatemi per l&#8217;eventuale possibilit\u00e0 di conversione<\/p>\n<p>Data la natura digitale del file di ricamo, nessun rimborso \u00e8 previsto su eventuali modifiche apportate.<\/p>\n<p>Nota: questo \u00e8 un file per la macchina da ricamo, non per il ricamo a mano.<\/p>\n<p>Bisogna disporre di una macchina da ricamo e di un metodo per trasferire i files di progettazione alla macchina per utilizzare questo disegno. \u00c8 necessario disporre anche di software per estrarre i file zippati.<\/p>\n<p>Ho disegnato e digitalizzato il file interamente a mano, e ne detengo la piena propriet\u00e0, pu\u00f2 essere utilizzato su oggetti personali o destinati alla vendita, ma \u00e8 PROIBITO commercializzarlo, condividerlo o includerlo in qualisasi progetto destinato alla vendita.<\/p>\n<p>Non esitare a contattarmi per qualsiasi esigenza.<\/p>\n<p>Grazie per il tuo acquisto nel mio Store!<\/p>\n<p>Laura<\/p>\n","protected":false},"excerpt":{"rendered":"<p>Pacchetto di 8 files da ricamo a tema San Valentino<\/p>\n<p>Tutti i ricami si realizzano nel telaio da mm. 100 x 100 (4&#8217;x4&#8242;)<\/p>\n<p>E&#8217; possibile acquistare anche singoli ricami, il costo unitario \u00e8 di Euro 3,00, per usufruire di questa opzione mandatemi un messaggio.<\/p>\n","protected":false},"featured_media":458,"comment_status":"open","ping_status":"closed","template":"","meta":{"_uf_show_specific_survey":0,"_uf_disable_surveys":false},"product_brand":[],"product_cat":[20,116],"product_tag":[120,121,23,119,27,118],"class_list":{"0":"post-457","1":"product","2":"type-product","3":"status-publish","4":"has-post-thumbnail","6":"product_cat-ricami-a-macchina","7":"product_cat-valentines-day","8":"product_tag-amore","9":"product_tag-cute-emboroidery","10":"product_tag-embroidery-machine","11":"product_tag-love","12":"product_tag-ricamo-a-macchina","13":"product_tag-valentines-day","15":"first","16":"instock","17":"downloadable","18":"virtual","19":"purchasable","20":"product-type-simple"},"yoast_head":"<!-- This site is optimized with the Yoast SEO plugin v22.2 - https:\/\/yoast.com\/wordpress\/plugins\/seo\/ -->\n<title>Valentine&#039;s Day Package - Embroidery Machine - CHICCAWORKSHOP STORE<\/title>\n<meta name=\"robots\" content=\"index, follow, max-snippet:-1, max-image-preview:large, max-video-preview:-1\" \/>\n<link rel=\"canonical\" href=\"https:\/\/chiccaworkshop.com\/blog\/store\/prodotto\/valentines-day-package-embroidery-machine\/\" \/>\n<meta property=\"og:locale\" content=\"it_IT\" \/>\n<meta property=\"og:type\" content=\"article\" \/>\n<meta property=\"og:title\" content=\"Valentine&#039;s Day Package - Embroidery Machine - CHICCAWORKSHOP STORE\" \/>\n<meta property=\"og:description\" content=\"Pacchetto di 8 files da ricamo a tema San Valentino  Tutti i ricami si realizzano nel telaio da mm. 100 x 100 (4&#039;x4&#039;)  E&#039; possibile acquistare anche singoli ricami, il costo unitario \u00e8 di Euro 3,00, per usufruire di questa opzione mandatemi un messaggio.\" \/>\n<meta property=\"og:url\" content=\"https:\/\/chiccaworkshop.com\/blog\/store\/prodotto\/valentines-day-package-embroidery-machine\/\" \/>\n<meta property=\"og:site_name\" content=\"CHICCAWORKSHOP STORE\" \/>\n<meta property=\"article:publisher\" content=\"https:\/\/www.facebook.com\/chiccaworkshop\/\" \/>\n<meta property=\"article:modified_time\" content=\"2018-01-16T16:38:34+00:00\" \/>\n<meta property=\"og:image\" content=\"https:\/\/i2.wp.com\/chiccaworkshop.com\/blog\/store\/wp-content\/uploads\/sites\/2\/2018\/01\/Valentines-Day-package.jpg?fit=837%2C632&ssl=1\" \/>\n\t<meta property=\"og:image:width\" content=\"837\" \/>\n\t<meta property=\"og:image:height\" content=\"632\" \/>\n\t<meta property=\"og:image:type\" content=\"image\/jpeg\" \/>\n<meta name=\"twitter:card\" content=\"summary_large_image\" \/>\n<meta name=\"twitter:site\" content=\"@chiccaworkshop\" \/>\n<meta name=\"twitter:label1\" content=\"Tempo di lettura stimato\" \/>\n\t<meta name=\"twitter:data1\" content=\"1 minuto\" \/>\n<script type=\"application\/ld+json\" class=\"yoast-schema-graph\">{\"@context\":\"https:\/\/schema.org\",\"@graph\":[{\"@type\":\"WebPage\",\"@id\":\"https:\/\/chiccaworkshop.com\/blog\/store\/prodotto\/valentines-day-package-embroidery-machine\/\",\"url\":\"https:\/\/chiccaworkshop.com\/blog\/store\/prodotto\/valentines-day-package-embroidery-machine\/\",\"name\":\"Valentine's Day Package - Embroidery Machine - CHICCAWORKSHOP STORE\",\"isPartOf\":{\"@id\":\"https:\/\/chiccaworkshop.com\/blog\/store\/#website\"},\"primaryImageOfPage\":{\"@id\":\"https:\/\/chiccaworkshop.com\/blog\/store\/prodotto\/valentines-day-package-embroidery-machine\/#primaryimage\"},\"image\":{\"@id\":\"https:\/\/chiccaworkshop.com\/blog\/store\/prodotto\/valentines-day-package-embroidery-machine\/#primaryimage\"},\"thumbnailUrl\":\"https:\/\/i0.wp.com\/chiccaworkshop.com\/blog\/store\/wp-content\/uploads\/sites\/2\/2018\/01\/Valentines-Day-package.jpg?fit=837%2C632&ssl=1\",\"datePublished\":\"2018-01-16T16:25:45+00:00\",\"dateModified\":\"2018-01-16T16:38:34+00:00\",\"breadcrumb\":{\"@id\":\"https:\/\/chiccaworkshop.com\/blog\/store\/prodotto\/valentines-day-package-embroidery-machine\/#breadcrumb\"},\"inLanguage\":\"it-IT\",\"potentialAction\":[{\"@type\":\"ReadAction\",\"target\":[\"https:\/\/chiccaworkshop.com\/blog\/store\/prodotto\/valentines-day-package-embroidery-machine\/\"]}]},{\"@type\":\"ImageObject\",\"inLanguage\":\"it-IT\",\"@id\":\"https:\/\/chiccaworkshop.com\/blog\/store\/prodotto\/valentines-day-package-embroidery-machine\/#primaryimage\",\"url\":\"https:\/\/i0.wp.com\/chiccaworkshop.com\/blog\/store\/wp-content\/uploads\/sites\/2\/2018\/01\/Valentines-Day-package.jpg?fit=837%2C632&ssl=1\",\"contentUrl\":\"https:\/\/i0.wp.com\/chiccaworkshop.com\/blog\/store\/wp-content\/uploads\/sites\/2\/2018\/01\/Valentines-Day-package.jpg?fit=837%2C632&ssl=1\",\"width\":837,\"height\":632},{\"@type\":\"BreadcrumbList\",\"@id\":\"https:\/\/chiccaworkshop.com\/blog\/store\/prodotto\/valentines-day-package-embroidery-machine\/#breadcrumb\",\"itemListElement\":[{\"@type\":\"ListItem\",\"position\":1,\"name\":\"Home\",\"item\":\"https:\/\/chiccaworkshop.com\/blog\/store\/\"},{\"@type\":\"ListItem\",\"position\":2,\"name\":\"Shop\",\"item\":\"https:\/\/chiccaworkshop.com\/blog\/store\/negozio\/\"},{\"@type\":\"ListItem\",\"position\":3,\"name\":\"Valentine&#8217;s Day Package &#8211; Embroidery Machine\"}]},{\"@type\":\"WebSite\",\"@id\":\"https:\/\/chiccaworkshop.com\/blog\/store\/#website\",\"url\":\"https:\/\/chiccaworkshop.com\/blog\/store\/\",\"name\":\"CHICCAWORKSHOP STORE\",\"description\":\"CHIACCAWORKSHOP STORE\",\"publisher\":{\"@id\":\"https:\/\/chiccaworkshop.com\/blog\/store\/#\/schema\/person\/9ef63677b7feef152a7042148a1886e9\"},\"potentialAction\":[{\"@type\":\"SearchAction\",\"target\":{\"@type\":\"EntryPoint\",\"urlTemplate\":\"https:\/\/chiccaworkshop.com\/blog\/store\/?s={search_term_string}\"},\"query-input\":\"required name=search_term_string\"}],\"inLanguage\":\"it-IT\"},{\"@type\":[\"Person\",\"Organization\"],\"@id\":\"https:\/\/chiccaworkshop.com\/blog\/store\/#\/schema\/person\/9ef63677b7feef152a7042148a1886e9\",\"name\":\"CHICCA\",\"image\":{\"@type\":\"ImageObject\",\"inLanguage\":\"it-IT\",\"@id\":\"https:\/\/chiccaworkshop.com\/blog\/store\/#\/schema\/person\/image\/\",\"url\":\"https:\/\/i0.wp.com\/chiccaworkshop.com\/blog\/store\/wp-content\/uploads\/sites\/2\/2017\/09\/store-nero.png?fit=446%2C108&ssl=1\",\"contentUrl\":\"https:\/\/i0.wp.com\/chiccaworkshop.com\/blog\/store\/wp-content\/uploads\/sites\/2\/2017\/09\/store-nero.png?fit=446%2C108&ssl=1\",\"width\":446,\"height\":108,\"caption\":\"CHICCA\"},\"logo\":{\"@id\":\"https:\/\/chiccaworkshop.com\/blog\/store\/#\/schema\/person\/image\/\"},\"sameAs\":[\"https:\/\/chiccaworkshop.com\/blog\",\"https:\/\/www.facebook.com\/chiccaworkshop\/\",\"https:\/\/www.instagram.com\/chiccaworkshop\/\",\"https:\/\/www.pinterest.it\/chiccaworkshop\/\",\"https:\/\/twitter.com\/chiccaworkshop\",\"https:\/\/www.youtube.com\/channel\/UCapT3yDiMNoVj85UamYMWYg?view_as=subscriber\"]}]}<\/script>\n<!-- \/ Yoast SEO plugin. -->","yoast_head_json":{"title":"Valentine's Day Package - Embroidery Machine - CHICCAWORKSHOP STORE","robots":{"index":"index","follow":"follow","max-snippet":"max-snippet:-1","max-image-preview":"max-image-preview:large","max-video-preview":"max-video-preview:-1"},"canonical":"https:\/\/chiccaworkshop.com\/blog\/store\/prodotto\/valentines-day-package-embroidery-machine\/","og_locale":"it_IT","og_type":"article","og_title":"Valentine's Day Package - Embroidery Machine - CHICCAWORKSHOP STORE","og_description":"Pacchetto di 8 files da ricamo a tema San Valentino  Tutti i ricami si realizzano nel telaio da mm. 100 x 100 (4'x4')  E' possibile acquistare anche singoli ricami, il costo unitario \u00e8 di Euro 3,00, per usufruire di questa opzione mandatemi un messaggio.","og_url":"https:\/\/chiccaworkshop.com\/blog\/store\/prodotto\/valentines-day-package-embroidery-machine\/","og_site_name":"CHICCAWORKSHOP STORE","article_publisher":"https:\/\/www.facebook.com\/chiccaworkshop\/","article_modified_time":"2018-01-16T16:38:34+00:00","og_image":[{"width":837,"height":632,"url":"https:\/\/i2.wp.com\/chiccaworkshop.com\/blog\/store\/wp-content\/uploads\/sites\/2\/2018\/01\/Valentines-Day-package.jpg?fit=837%2C632&ssl=1","type":"image\/jpeg"}],"twitter_card":"summary_large_image","twitter_site":"@chiccaworkshop","twitter_misc":{"Tempo di lettura stimato":"1 minuto"},"schema":{"@context":"https:\/\/schema.org","@graph":[{"@type":"WebPage","@id":"https:\/\/chiccaworkshop.com\/blog\/store\/prodotto\/valentines-day-package-embroidery-machine\/","url":"https:\/\/chiccaworkshop.com\/blog\/store\/prodotto\/valentines-day-package-embroidery-machine\/","name":"Valentine's Day Package - Embroidery Machine - CHICCAWORKSHOP STORE","isPartOf":{"@id":"https:\/\/chiccaworkshop.com\/blog\/store\/#website"},"primaryImageOfPage":{"@id":"https:\/\/chiccaworkshop.com\/blog\/store\/prodotto\/valentines-day-package-embroidery-machine\/#primaryimage"},"image":{"@id":"https:\/\/chiccaworkshop.com\/blog\/store\/prodotto\/valentines-day-package-embroidery-machine\/#primaryimage"},"thumbnailUrl":"https:\/\/i0.wp.com\/chiccaworkshop.com\/blog\/store\/wp-content\/uploads\/sites\/2\/2018\/01\/Valentines-Day-package.jpg?fit=837%2C632&ssl=1","datePublished":"2018-01-16T16:25:45+00:00","dateModified":"2018-01-16T16:38:34+00:00","breadcrumb":{"@id":"https:\/\/chiccaworkshop.com\/blog\/store\/prodotto\/valentines-day-package-embroidery-machine\/#breadcrumb"},"inLanguage":"it-IT","potentialAction":[{"@type":"ReadAction","target":["https:\/\/chiccaworkshop.com\/blog\/store\/prodotto\/valentines-day-package-embroidery-machine\/"]}]},{"@type":"ImageObject","inLanguage":"it-IT","@id":"https:\/\/chiccaworkshop.com\/blog\/store\/prodotto\/valentines-day-package-embroidery-machine\/#primaryimage","url":"https:\/\/i0.wp.com\/chiccaworkshop.com\/blog\/store\/wp-content\/uploads\/sites\/2\/2018\/01\/Valentines-Day-package.jpg?fit=837%2C632&ssl=1","contentUrl":"https:\/\/i0.wp.com\/chiccaworkshop.com\/blog\/store\/wp-content\/uploads\/sites\/2\/2018\/01\/Valentines-Day-package.jpg?fit=837%2C632&ssl=1","width":837,"height":632},{"@type":"BreadcrumbList","@id":"https:\/\/chiccaworkshop.com\/blog\/store\/prodotto\/valentines-day-package-embroidery-machine\/#breadcrumb","itemListElement":[{"@type":"ListItem","position":1,"name":"Home","item":"https:\/\/chiccaworkshop.com\/blog\/store\/"},{"@type":"ListItem","position":2,"name":"Shop","item":"https:\/\/chiccaworkshop.com\/blog\/store\/negozio\/"},{"@type":"ListItem","position":3,"name":"Valentine&#8217;s Day Package &#8211; Embroidery Machine"}]},{"@type":"WebSite","@id":"https:\/\/chiccaworkshop.com\/blog\/store\/#website","url":"https:\/\/chiccaworkshop.com\/blog\/store\/","name":"CHICCAWORKSHOP STORE","description":"CHIACCAWORKSHOP STORE","publisher":{"@id":"https:\/\/chiccaworkshop.com\/blog\/store\/#\/schema\/person\/9ef63677b7feef152a7042148a1886e9"},"potentialAction":[{"@type":"SearchAction","target":{"@type":"EntryPoint","urlTemplate":"https:\/\/chiccaworkshop.com\/blog\/store\/?s={search_term_string}"},"query-input":"required name=search_term_string"}],"inLanguage":"it-IT"},{"@type":["Person","Organization"],"@id":"https:\/\/chiccaworkshop.com\/blog\/store\/#\/schema\/person\/9ef63677b7feef152a7042148a1886e9","name":"CHICCA","image":{"@type":"ImageObject","inLanguage":"it-IT","@id":"https:\/\/chiccaworkshop.com\/blog\/store\/#\/schema\/person\/image\/","url":"https:\/\/i0.wp.com\/chiccaworkshop.com\/blog\/store\/wp-content\/uploads\/sites\/2\/2017\/09\/store-nero.png?fit=446%2C108&ssl=1","contentUrl":"https:\/\/i0.wp.com\/chiccaworkshop.com\/blog\/store\/wp-content\/uploads\/sites\/2\/2017\/09\/store-nero.png?fit=446%2C108&ssl=1","width":446,"height":108,"caption":"CHICCA"},"logo":{"@id":"https:\/\/chiccaworkshop.com\/blog\/store\/#\/schema\/person\/image\/"},"sameAs":["https:\/\/chiccaworkshop.com\/blog","https:\/\/www.facebook.com\/chiccaworkshop\/","https:\/\/www.instagram.com\/chiccaworkshop\/","https:\/\/www.pinterest.it\/chiccaworkshop\/","https:\/\/twitter.com\/chiccaworkshop","https:\/\/www.youtube.com\/channel\/UCapT3yDiMNoVj85UamYMWYg?view_as=subscriber"]}]}},"jetpack_sharing_enabled":true,"jetpack-related-posts":[],"jetpack_likes_enabled":true,"_links":{"self":[{"href":"https:\/\/chiccaworkshop.com\/blog\/store\/wp-json\/wp\/v2\/product\/457","targetHints":{"allow":["GET"]}}],"collection":[{"href":"https:\/\/chiccaworkshop.com\/blog\/store\/wp-json\/wp\/v2\/product"}],"about":[{"href":"https:\/\/chiccaworkshop.com\/blog\/store\/wp-json\/wp\/v2\/types\/product"}],"replies":[{"embeddable":true,"href":"https:\/\/chiccaworkshop.com\/blog\/store\/wp-json\/wp\/v2\/comments?post=457"}],"wp:featuredmedia":[{"embeddable":true,"href":"https:\/\/chiccaworkshop.com\/blog\/store\/wp-json\/wp\/v2\/media\/458"}],"wp:attachment":[{"href":"https:\/\/chiccaworkshop.com\/blog\/store\/wp-json\/wp\/v2\/media?parent=457"}],"wp:term":[{"taxonomy":"product_brand","embeddable":true,"href":"https:\/\/chiccaworkshop.com\/blog\/store\/wp-json\/wp\/v2\/product_brand?post=457"},{"taxonomy":"product_cat","embeddable":true,"href":"https:\/\/chiccaworkshop.com\/blog\/store\/wp-json\/wp\/v2\/product_cat?post=457"},{"taxonomy":"product_tag","embeddable":true,"href":"https:\/\/chiccaworkshop.com\/blog\/store\/wp-json\/wp\/v2\/product_tag?post=457"}],"curies":[{"name":"wp","href":"https:\/\/api.w.org\/{rel}","templated":true}]}}