{"id":518,"date":"2018-01-28T19:08:56","date_gmt":"2018-01-28T18:08:56","guid":{"rendered":"https:\/\/chiccaworkshop.com\/blog\/store\/?post_type=product&#038;p=518"},"modified":"2025-07-06T00:37:22","modified_gmt":"2025-07-05T22:37:22","slug":"baby-bear-applique-ricamo-macchina-download-digitale","status":"publish","type":"product","link":"https:\/\/chiccaworkshop.com\/blog\/store\/prodotto\/baby-bear-applique-ricamo-macchina-download-digitale\/","title":{"rendered":"Baby Bear Appliqu\u00e8 &#8211; Ricamo a Macchina &#8211; DOWNLOAD DIGITALE"},"content":{"rendered":"<p>Data la natura digitale del file di ricamo, nessun rimborso \u00e8 previsto su eventuali modifiche apportate.<\/p>\n<p>Nota: questo \u00e8 un file per la macchina da ricamo, non per il ricamo a mano.<\/p>\n<p>Bisogna disporre di una macchina da ricamo e di un metodo per trasferire i files di progettazione alla macchina per utilizzare questo disegno. \u00c8 necessario disporre anche di software per estrarre i file zippati.<\/p>\n<p>Ho disegnato e digitalizzato il file interamente a mano, e ne detengo la piena propriet\u00e0, pu\u00f2 essere utilizzato su oggetti personali o destinati alla vendita, ma \u00e8 PROIBITO commercializzarlo, condividerlo o includerlo in qualisasi progetto destinato alla vendita.<\/p>\n<p>Non esitate a contattarmi per qualsiasi esigenza.<\/p>\n<p>Grazie per il tuo acquisto nel mio Store!<\/p>\n<p>Laura<\/p>\n","protected":false},"excerpt":{"rendered":"<p>File da ricamo per realizzare l&#8217;appliqu\u00e8 come mostrato in foto, adatta per copertine da culla, o anche come fiocco nascita<\/p>\n<p>Trattasi di un ricamo in applicazione un po&#8217; complesso, quindi adatto ad un livello di competenza intermedia.<\/p>\n<p>Dimensione finale mm. 249 x 196 &#8211; telaio minimo 200&#215;300 (8&#215;12&#8242;)<\/p>\n<p>Il download digitale in formato .zip contiene i files in 5 formati differenti:<br \/>\nVIP, HUS, VP3, PES and .JEF<\/p>\n","protected":false},"featured_media":513,"comment_status":"open","ping_status":"closed","template":"","meta":{"_uf_show_specific_survey":0,"_uf_disable_surveys":false},"product_brand":[],"product_cat":[20,37],"product_tag":[134,136,132,23,131,27],"class_list":{"0":"post-518","1":"product","2":"type-product","3":"status-publish","4":"has-post-thumbnail","6":"product_cat-ricami-a-macchina","7":"product_cat-ricami-applique","8":"product_tag-applique","9":"product_tag-baby-bear","10":"product_tag-copertina-culla","11":"product_tag-embroidery-machine","12":"product_tag-fiocco-nascita","13":"product_tag-ricamo-a-macchina","15":"first","16":"instock","17":"downloadable","18":"virtual","19":"purchasable","20":"product-type-simple"},"yoast_head":"<!-- This site is optimized with the Yoast SEO plugin v22.2 - https:\/\/yoast.com\/wordpress\/plugins\/seo\/ -->\n<title>Baby Bear Appliqu\u00e8 - Ricamo a Macchina - DOWNLOAD DIGITALE<\/title>\n<meta name=\"description\" content=\"File da ricamo per realizzare l&#039;appliqu\u00e8 come mostrato in foto, adatta per copertine da culla, o anche come fiocco nascita\" \/>\n<meta name=\"robots\" content=\"index, follow, max-snippet:-1, max-image-preview:large, max-video-preview:-1\" \/>\n<link rel=\"canonical\" href=\"https:\/\/chiccaworkshop.com\/blog\/store\/prodotto\/baby-bear-applique-ricamo-macchina-download-digitale\/\" \/>\n<meta property=\"og:locale\" content=\"it_IT\" \/>\n<meta property=\"og:type\" content=\"article\" \/>\n<meta property=\"og:title\" content=\"Baby Bear Appliqu\u00e8 - Ricamo a Macchina - DOWNLOAD DIGITALE\" \/>\n<meta property=\"og:description\" content=\"File da ricamo per realizzare l&#039;appliqu\u00e8 come mostrato in foto, adatta per copertine da culla, o anche come fiocco nascita\" \/>\n<meta property=\"og:url\" content=\"https:\/\/chiccaworkshop.com\/blog\/store\/prodotto\/baby-bear-applique-ricamo-macchina-download-digitale\/\" \/>\n<meta property=\"og:site_name\" content=\"CHICCAWORKSHOP STORE\" \/>\n<meta property=\"article:publisher\" content=\"https:\/\/www.facebook.com\/chiccaworkshop\/\" \/>\n<meta property=\"article:modified_time\" content=\"2025-07-05T22:37:22+00:00\" \/>\n<meta property=\"og:image\" content=\"https:\/\/i2.wp.com\/chiccaworkshop.com\/blog\/store\/wp-content\/uploads\/sites\/2\/2018\/01\/Orsetto-nel-sacchetto-ricamo.jpg?fit=750%2C750&ssl=1\" \/>\n\t<meta property=\"og:image:width\" content=\"750\" \/>\n\t<meta property=\"og:image:height\" content=\"750\" \/>\n\t<meta property=\"og:image:type\" content=\"image\/jpeg\" \/>\n<meta name=\"twitter:card\" content=\"summary_large_image\" \/>\n<meta name=\"twitter:site\" content=\"@chiccaworkshop\" \/>\n<meta name=\"twitter:label1\" content=\"Tempo di lettura stimato\" \/>\n\t<meta name=\"twitter:data1\" content=\"1 minuto\" \/>\n<script type=\"application\/ld+json\" class=\"yoast-schema-graph\">{\"@context\":\"https:\/\/schema.org\",\"@graph\":[{\"@type\":\"WebPage\",\"@id\":\"https:\/\/chiccaworkshop.com\/blog\/store\/prodotto\/baby-bear-applique-ricamo-macchina-download-digitale\/\",\"url\":\"https:\/\/chiccaworkshop.com\/blog\/store\/prodotto\/baby-bear-applique-ricamo-macchina-download-digitale\/\",\"name\":\"Baby Bear Appliqu\u00e8 - Ricamo a Macchina - DOWNLOAD DIGITALE\",\"isPartOf\":{\"@id\":\"https:\/\/chiccaworkshop.com\/blog\/store\/#website\"},\"primaryImageOfPage\":{\"@id\":\"https:\/\/chiccaworkshop.com\/blog\/store\/prodotto\/baby-bear-applique-ricamo-macchina-download-digitale\/#primaryimage\"},\"image\":{\"@id\":\"https:\/\/chiccaworkshop.com\/blog\/store\/prodotto\/baby-bear-applique-ricamo-macchina-download-digitale\/#primaryimage\"},\"thumbnailUrl\":\"https:\/\/i0.wp.com\/chiccaworkshop.com\/blog\/store\/wp-content\/uploads\/sites\/2\/2018\/01\/Orsetto-nel-sacchetto-ricamo.jpg?fit=750%2C750&ssl=1\",\"datePublished\":\"2018-01-28T18:08:56+00:00\",\"dateModified\":\"2025-07-05T22:37:22+00:00\",\"description\":\"File da ricamo per realizzare l'appliqu\u00e8 come mostrato in foto, adatta per copertine da culla, o anche come fiocco nascita\",\"breadcrumb\":{\"@id\":\"https:\/\/chiccaworkshop.com\/blog\/store\/prodotto\/baby-bear-applique-ricamo-macchina-download-digitale\/#breadcrumb\"},\"inLanguage\":\"it-IT\",\"potentialAction\":[{\"@type\":\"ReadAction\",\"target\":[\"https:\/\/chiccaworkshop.com\/blog\/store\/prodotto\/baby-bear-applique-ricamo-macchina-download-digitale\/\"]}]},{\"@type\":\"ImageObject\",\"inLanguage\":\"it-IT\",\"@id\":\"https:\/\/chiccaworkshop.com\/blog\/store\/prodotto\/baby-bear-applique-ricamo-macchina-download-digitale\/#primaryimage\",\"url\":\"https:\/\/i0.wp.com\/chiccaworkshop.com\/blog\/store\/wp-content\/uploads\/sites\/2\/2018\/01\/Orsetto-nel-sacchetto-ricamo.jpg?fit=750%2C750&ssl=1\",\"contentUrl\":\"https:\/\/i0.wp.com\/chiccaworkshop.com\/blog\/store\/wp-content\/uploads\/sites\/2\/2018\/01\/Orsetto-nel-sacchetto-ricamo.jpg?fit=750%2C750&ssl=1\",\"width\":750,\"height\":750},{\"@type\":\"BreadcrumbList\",\"@id\":\"https:\/\/chiccaworkshop.com\/blog\/store\/prodotto\/baby-bear-applique-ricamo-macchina-download-digitale\/#breadcrumb\",\"itemListElement\":[{\"@type\":\"ListItem\",\"position\":1,\"name\":\"Home\",\"item\":\"https:\/\/chiccaworkshop.com\/blog\/store\/\"},{\"@type\":\"ListItem\",\"position\":2,\"name\":\"Shop\",\"item\":\"https:\/\/chiccaworkshop.com\/blog\/store\/negozio\/\"},{\"@type\":\"ListItem\",\"position\":3,\"name\":\"Baby Bear Appliqu\u00e8 &#8211; Ricamo a Macchina &#8211; DOWNLOAD DIGITALE\"}]},{\"@type\":\"WebSite\",\"@id\":\"https:\/\/chiccaworkshop.com\/blog\/store\/#website\",\"url\":\"https:\/\/chiccaworkshop.com\/blog\/store\/\",\"name\":\"CHICCAWORKSHOP STORE\",\"description\":\"CHIACCAWORKSHOP STORE\",\"publisher\":{\"@id\":\"https:\/\/chiccaworkshop.com\/blog\/store\/#\/schema\/person\/9ef63677b7feef152a7042148a1886e9\"},\"potentialAction\":[{\"@type\":\"SearchAction\",\"target\":{\"@type\":\"EntryPoint\",\"urlTemplate\":\"https:\/\/chiccaworkshop.com\/blog\/store\/?s={search_term_string}\"},\"query-input\":\"required name=search_term_string\"}],\"inLanguage\":\"it-IT\"},{\"@type\":[\"Person\",\"Organization\"],\"@id\":\"https:\/\/chiccaworkshop.com\/blog\/store\/#\/schema\/person\/9ef63677b7feef152a7042148a1886e9\",\"name\":\"CHICCA\",\"image\":{\"@type\":\"ImageObject\",\"inLanguage\":\"it-IT\",\"@id\":\"https:\/\/chiccaworkshop.com\/blog\/store\/#\/schema\/person\/image\/\",\"url\":\"https:\/\/i0.wp.com\/chiccaworkshop.com\/blog\/store\/wp-content\/uploads\/sites\/2\/2017\/09\/store-nero.png?fit=446%2C108&ssl=1\",\"contentUrl\":\"https:\/\/i0.wp.com\/chiccaworkshop.com\/blog\/store\/wp-content\/uploads\/sites\/2\/2017\/09\/store-nero.png?fit=446%2C108&ssl=1\",\"width\":446,\"height\":108,\"caption\":\"CHICCA\"},\"logo\":{\"@id\":\"https:\/\/chiccaworkshop.com\/blog\/store\/#\/schema\/person\/image\/\"},\"sameAs\":[\"https:\/\/chiccaworkshop.com\/blog\",\"https:\/\/www.facebook.com\/chiccaworkshop\/\",\"https:\/\/www.instagram.com\/chiccaworkshop\/\",\"https:\/\/www.pinterest.it\/chiccaworkshop\/\",\"https:\/\/twitter.com\/chiccaworkshop\",\"https:\/\/www.youtube.com\/channel\/UCapT3yDiMNoVj85UamYMWYg?view_as=subscriber\"]}]}<\/script>\n<!-- \/ Yoast SEO plugin. -->","yoast_head_json":{"title":"Baby Bear Appliqu\u00e8 - Ricamo a Macchina - DOWNLOAD DIGITALE","description":"File da ricamo per realizzare l'appliqu\u00e8 come mostrato in foto, adatta per copertine da culla, o anche come fiocco nascita","robots":{"index":"index","follow":"follow","max-snippet":"max-snippet:-1","max-image-preview":"max-image-preview:large","max-video-preview":"max-video-preview:-1"},"canonical":"https:\/\/chiccaworkshop.com\/blog\/store\/prodotto\/baby-bear-applique-ricamo-macchina-download-digitale\/","og_locale":"it_IT","og_type":"article","og_title":"Baby Bear Appliqu\u00e8 - Ricamo a Macchina - DOWNLOAD DIGITALE","og_description":"File da ricamo per realizzare l'appliqu\u00e8 come mostrato in foto, adatta per copertine da culla, o anche come fiocco nascita","og_url":"https:\/\/chiccaworkshop.com\/blog\/store\/prodotto\/baby-bear-applique-ricamo-macchina-download-digitale\/","og_site_name":"CHICCAWORKSHOP STORE","article_publisher":"https:\/\/www.facebook.com\/chiccaworkshop\/","article_modified_time":"2025-07-05T22:37:22+00:00","og_image":[{"width":750,"height":750,"url":"https:\/\/i2.wp.com\/chiccaworkshop.com\/blog\/store\/wp-content\/uploads\/sites\/2\/2018\/01\/Orsetto-nel-sacchetto-ricamo.jpg?fit=750%2C750&ssl=1","type":"image\/jpeg"}],"twitter_card":"summary_large_image","twitter_site":"@chiccaworkshop","twitter_misc":{"Tempo di lettura stimato":"1 minuto"},"schema":{"@context":"https:\/\/schema.org","@graph":[{"@type":"WebPage","@id":"https:\/\/chiccaworkshop.com\/blog\/store\/prodotto\/baby-bear-applique-ricamo-macchina-download-digitale\/","url":"https:\/\/chiccaworkshop.com\/blog\/store\/prodotto\/baby-bear-applique-ricamo-macchina-download-digitale\/","name":"Baby Bear Appliqu\u00e8 - Ricamo a Macchina - DOWNLOAD DIGITALE","isPartOf":{"@id":"https:\/\/chiccaworkshop.com\/blog\/store\/#website"},"primaryImageOfPage":{"@id":"https:\/\/chiccaworkshop.com\/blog\/store\/prodotto\/baby-bear-applique-ricamo-macchina-download-digitale\/#primaryimage"},"image":{"@id":"https:\/\/chiccaworkshop.com\/blog\/store\/prodotto\/baby-bear-applique-ricamo-macchina-download-digitale\/#primaryimage"},"thumbnailUrl":"https:\/\/i0.wp.com\/chiccaworkshop.com\/blog\/store\/wp-content\/uploads\/sites\/2\/2018\/01\/Orsetto-nel-sacchetto-ricamo.jpg?fit=750%2C750&ssl=1","datePublished":"2018-01-28T18:08:56+00:00","dateModified":"2025-07-05T22:37:22+00:00","description":"File da ricamo per realizzare l'appliqu\u00e8 come mostrato in foto, adatta per copertine da culla, o anche come fiocco nascita","breadcrumb":{"@id":"https:\/\/chiccaworkshop.com\/blog\/store\/prodotto\/baby-bear-applique-ricamo-macchina-download-digitale\/#breadcrumb"},"inLanguage":"it-IT","potentialAction":[{"@type":"ReadAction","target":["https:\/\/chiccaworkshop.com\/blog\/store\/prodotto\/baby-bear-applique-ricamo-macchina-download-digitale\/"]}]},{"@type":"ImageObject","inLanguage":"it-IT","@id":"https:\/\/chiccaworkshop.com\/blog\/store\/prodotto\/baby-bear-applique-ricamo-macchina-download-digitale\/#primaryimage","url":"https:\/\/i0.wp.com\/chiccaworkshop.com\/blog\/store\/wp-content\/uploads\/sites\/2\/2018\/01\/Orsetto-nel-sacchetto-ricamo.jpg?fit=750%2C750&ssl=1","contentUrl":"https:\/\/i0.wp.com\/chiccaworkshop.com\/blog\/store\/wp-content\/uploads\/sites\/2\/2018\/01\/Orsetto-nel-sacchetto-ricamo.jpg?fit=750%2C750&ssl=1","width":750,"height":750},{"@type":"BreadcrumbList","@id":"https:\/\/chiccaworkshop.com\/blog\/store\/prodotto\/baby-bear-applique-ricamo-macchina-download-digitale\/#breadcrumb","itemListElement":[{"@type":"ListItem","position":1,"name":"Home","item":"https:\/\/chiccaworkshop.com\/blog\/store\/"},{"@type":"ListItem","position":2,"name":"Shop","item":"https:\/\/chiccaworkshop.com\/blog\/store\/negozio\/"},{"@type":"ListItem","position":3,"name":"Baby Bear Appliqu\u00e8 &#8211; Ricamo a Macchina &#8211; DOWNLOAD DIGITALE"}]},{"@type":"WebSite","@id":"https:\/\/chiccaworkshop.com\/blog\/store\/#website","url":"https:\/\/chiccaworkshop.com\/blog\/store\/","name":"CHICCAWORKSHOP STORE","description":"CHIACCAWORKSHOP STORE","publisher":{"@id":"https:\/\/chiccaworkshop.com\/blog\/store\/#\/schema\/person\/9ef63677b7feef152a7042148a1886e9"},"potentialAction":[{"@type":"SearchAction","target":{"@type":"EntryPoint","urlTemplate":"https:\/\/chiccaworkshop.com\/blog\/store\/?s={search_term_string}"},"query-input":"required name=search_term_string"}],"inLanguage":"it-IT"},{"@type":["Person","Organization"],"@id":"https:\/\/chiccaworkshop.com\/blog\/store\/#\/schema\/person\/9ef63677b7feef152a7042148a1886e9","name":"CHICCA","image":{"@type":"ImageObject","inLanguage":"it-IT","@id":"https:\/\/chiccaworkshop.com\/blog\/store\/#\/schema\/person\/image\/","url":"https:\/\/i0.wp.com\/chiccaworkshop.com\/blog\/store\/wp-content\/uploads\/sites\/2\/2017\/09\/store-nero.png?fit=446%2C108&ssl=1","contentUrl":"https:\/\/i0.wp.com\/chiccaworkshop.com\/blog\/store\/wp-content\/uploads\/sites\/2\/2017\/09\/store-nero.png?fit=446%2C108&ssl=1","width":446,"height":108,"caption":"CHICCA"},"logo":{"@id":"https:\/\/chiccaworkshop.com\/blog\/store\/#\/schema\/person\/image\/"},"sameAs":["https:\/\/chiccaworkshop.com\/blog","https:\/\/www.facebook.com\/chiccaworkshop\/","https:\/\/www.instagram.com\/chiccaworkshop\/","https:\/\/www.pinterest.it\/chiccaworkshop\/","https:\/\/twitter.com\/chiccaworkshop","https:\/\/www.youtube.com\/channel\/UCapT3yDiMNoVj85UamYMWYg?view_as=subscriber"]}]}},"jetpack_sharing_enabled":true,"jetpack-related-posts":[],"jetpack_likes_enabled":true,"_links":{"self":[{"href":"https:\/\/chiccaworkshop.com\/blog\/store\/wp-json\/wp\/v2\/product\/518","targetHints":{"allow":["GET"]}}],"collection":[{"href":"https:\/\/chiccaworkshop.com\/blog\/store\/wp-json\/wp\/v2\/product"}],"about":[{"href":"https:\/\/chiccaworkshop.com\/blog\/store\/wp-json\/wp\/v2\/types\/product"}],"replies":[{"embeddable":true,"href":"https:\/\/chiccaworkshop.com\/blog\/store\/wp-json\/wp\/v2\/comments?post=518"}],"wp:featuredmedia":[{"embeddable":true,"href":"https:\/\/chiccaworkshop.com\/blog\/store\/wp-json\/wp\/v2\/media\/513"}],"wp:attachment":[{"href":"https:\/\/chiccaworkshop.com\/blog\/store\/wp-json\/wp\/v2\/media?parent=518"}],"wp:term":[{"taxonomy":"product_brand","embeddable":true,"href":"https:\/\/chiccaworkshop.com\/blog\/store\/wp-json\/wp\/v2\/product_brand?post=518"},{"taxonomy":"product_cat","embeddable":true,"href":"https:\/\/chiccaworkshop.com\/blog\/store\/wp-json\/wp\/v2\/product_cat?post=518"},{"taxonomy":"product_tag","embeddable":true,"href":"https:\/\/chiccaworkshop.com\/blog\/store\/wp-json\/wp\/v2\/product_tag?post=518"}],"curies":[{"name":"wp","href":"https:\/\/api.w.org\/{rel}","templated":true}]}}