{"id":612,"date":"2018-02-25T23:36:59","date_gmt":"2018-02-25T22:36:59","guid":{"rendered":"https:\/\/chiccaworkshop.com\/blog\/store\/?post_type=product&#038;p=612"},"modified":"2025-05-08T10:42:54","modified_gmt":"2025-05-08T08:42:54","slug":"uova-pasqua-imbottite-ovetti-pelouches-softies-pacchetto-4-soggetti-file-ricamo-macchina-ith-applique","status":"publish","type":"product","link":"https:\/\/chiccaworkshop.com\/blog\/store\/prodotto\/uova-pasqua-imbottite-ovetti-pelouches-softies-pacchetto-4-soggetti-file-ricamo-macchina-ith-applique\/","title":{"rendered":"Uova di Pasqua imbottite &#8211; Ovetti pelouches &#8211; Softies &#8211; Pacchetto con 4 soggetti &#8211; File per ricamo a macchina ITH e appliqu\u00e8"},"content":{"rendered":"<p style=\"text-align: justify;\">Nota: questo \u00e8 un file per la macchina da ricamo, non per il ricamo a mano.<\/p>\n<p>Data la natura digitale del file di ricamo, nessun rimborso \u00e8 previsto.<\/p>\n<p style=\"text-align: justify;\">Bisogna disporre di una macchina da ricamo e di un metodo per trasferire i files di progettazione alla macchina per utilizzare questo disegno. \u00c8 necessario disporre anche di software per estrarre i file zippati.<\/p>\n<p style=\"text-align: justify;\">Ho disegnato e digitalizzato il file interamente a mano, e ne detengo la piena propriet\u00e0, pu\u00f2 essere utilizzato su oggetti personali o destinati alla vendita, ma \u00e8 PROIBITO commercializzarlo, condividerlo o includerlo in qualisasi progetto destinato alla vendita. Non esitare a contattarmi per qualsiasi esigenza.<\/p>\n<p style=\"text-align: justify;\">Grazie per il tuo acquisto nel mio Store!<\/p>\n<p style=\"text-align: justify;\">Laura<\/p>\n<div id=\"ca-pub-0268420055977072:7114581969\" class=\"ads ads_after\">\n<p style=\"text-align: justify;\">Se l\u2019hai trovato interessante , per favore condividilo. Il tuo supporto \u00e8 molto apprezzato.<\/p>\n<p style=\"text-align: justify;\">Seguimi anche attravero i miei canali:<\/p>\n<p style=\"text-align: justify;\"><a href=\"https:\/\/www.facebook.com\/chiccaworkshop\/\" target=\"_blank\" rel=\"noopener noreferrer\">Facebook<\/a> \u2013 <a href=\"https:\/\/www.instagram.com\/lafataligure\/\" target=\"_blank\" rel=\"noopener noreferrer\">Instagram<\/a> \u2013\u00a0 <a href=\"https:\/\/it.pinterest.com\/lafataligure\/\" target=\"_blank\" rel=\"noopener noreferrer\">Pinterest<\/a> \u2013 <a href=\"https:\/\/youtu.be\/SD2tXKNgsBo\" target=\"_blank\" rel=\"noopener noreferrer\" data-rel=\"lightbox-video-0\">Youtube<\/a><\/p>\n<\/div>\n","protected":false},"excerpt":{"rendered":"<p>Quest&#8217;anno le uova di pasqua prendono una forma allegra e interessante, non fatte di cioccolato ma ripiene di cartamoneta \ud83d\ude42<\/p>\n<p>Il pacchetto contiene i 4 ovetti pi\u00f9 una versione in inglese per quello con la scritta Buona Pasqua.<\/p>\n<p>Se si desidera acquistare uno solo dei soggetti, potete contattarmi per richiederlo, il costo unitario \u00e8 di Euro 5,50<\/p>\n<p>Si realizzano nel telaio minimo 130&#215;180 (5&#215;7&#8242;) con la tecnica ITH (in the hoop) e in applicazione per il taschino.<\/p>\n<p>l dowload \u00e8 immediato in formato zip e contiene i 4 ovetti in 6 diverse estensioni I formati disponibili sono: .dst .jef .pes .vip .vp3 .hus<\/p>\n","protected":false},"featured_media":615,"comment_status":"open","ping_status":"closed","template":"","meta":{"_uf_show_specific_survey":0,"_uf_disable_surveys":false},"product_brand":[],"product_cat":[736,20,37,38],"product_tag":[134,179,146,178,177,44,176],"class_list":{"0":"post-612","1":"product","2":"type-product","3":"status-publish","4":"has-post-thumbnail","6":"product_cat-pasqua","7":"product_cat-ricami-a-macchina","8":"product_cat-ricami-applique","9":"product_cat-ricami-ith","10":"product_tag-applique","11":"product_tag-coniglietti-pasquali","12":"product_tag-ith-in-the-hoop","13":"product_tag-ovetti-imbottiti","14":"product_tag-regali-per-pasqua","15":"product_tag-softies","16":"product_tag-uova-di-pasqua","18":"first","19":"instock","20":"downloadable","21":"virtual","22":"purchasable","23":"product-type-simple"},"yoast_head":"<!-- This site is optimized with the Yoast SEO plugin v22.2 - https:\/\/yoast.com\/wordpress\/plugins\/seo\/ -->\n<title>Uova di Pasqua imbottite - Ovetti pelouches - Softies - Pacchetto con 4 soggetti - File per ricamo a macchina ITH e appliqu\u00e8 - CHICCAWORKSHOP STORE<\/title>\n<meta name=\"robots\" content=\"index, follow, max-snippet:-1, max-image-preview:large, max-video-preview:-1\" \/>\n<link rel=\"canonical\" href=\"https:\/\/chiccaworkshop.com\/blog\/store\/prodotto\/uova-pasqua-imbottite-ovetti-pelouches-softies-pacchetto-4-soggetti-file-ricamo-macchina-ith-applique\/\" \/>\n<meta property=\"og:locale\" content=\"it_IT\" \/>\n<meta property=\"og:type\" content=\"article\" \/>\n<meta property=\"og:title\" content=\"Uova di Pasqua imbottite - Ovetti pelouches - Softies - Pacchetto con 4 soggetti - File per ricamo a macchina ITH e appliqu\u00e8 - CHICCAWORKSHOP STORE\" \/>\n<meta property=\"og:description\" content=\"Quest&#039;anno le uova di pasqua prendono una forma allegra e interessante, non fatte di cioccolato ma ripiene di cartamoneta :)  Il pacchetto contiene i 4 ovetti pi\u00f9 una versione in inglese per quello con la scritta Buona Pasqua.  Se si desidera acquistare uno solo dei soggetti, potete contattarmi per richiederlo, il costo unitario \u00e8 di Euro 5,50  Si realizzano nel telaio minimo 130x180 (5x7&#039;) con la tecnica ITH (in the hoop) e in applicazione per il taschino.  l dowload \u00e8 immediato in formato zip e contiene i 4 ovetti in 6 diverse estensioni I formati disponibili sono: .dst .jef .pes .vip .vp3 .hus\" \/>\n<meta property=\"og:url\" content=\"https:\/\/chiccaworkshop.com\/blog\/store\/prodotto\/uova-pasqua-imbottite-ovetti-pelouches-softies-pacchetto-4-soggetti-file-ricamo-macchina-ith-applique\/\" \/>\n<meta property=\"og:site_name\" content=\"CHICCAWORKSHOP STORE\" \/>\n<meta property=\"article:publisher\" content=\"https:\/\/www.facebook.com\/chiccaworkshop\/\" \/>\n<meta property=\"article:modified_time\" content=\"2025-05-08T08:42:54+00:00\" \/>\n<meta property=\"og:image\" content=\"https:\/\/chiccaworkshop.com\/blog\/store\/wp-content\/uploads\/sites\/2\/2018\/02\/ovetti-imbottiti-anteprima.jpg\" \/>\n\t<meta property=\"og:image:width\" content=\"1000\" \/>\n\t<meta property=\"og:image:height\" content=\"690\" \/>\n\t<meta property=\"og:image:type\" content=\"image\/jpeg\" \/>\n<meta name=\"twitter:card\" content=\"summary_large_image\" \/>\n<meta name=\"twitter:site\" content=\"@chiccaworkshop\" \/>\n<meta name=\"twitter:label1\" content=\"Tempo di lettura stimato\" \/>\n\t<meta name=\"twitter:data1\" content=\"1 minuto\" \/>\n<script type=\"application\/ld+json\" class=\"yoast-schema-graph\">{\"@context\":\"https:\/\/schema.org\",\"@graph\":[{\"@type\":\"WebPage\",\"@id\":\"https:\/\/chiccaworkshop.com\/blog\/store\/prodotto\/uova-pasqua-imbottite-ovetti-pelouches-softies-pacchetto-4-soggetti-file-ricamo-macchina-ith-applique\/\",\"url\":\"https:\/\/chiccaworkshop.com\/blog\/store\/prodotto\/uova-pasqua-imbottite-ovetti-pelouches-softies-pacchetto-4-soggetti-file-ricamo-macchina-ith-applique\/\",\"name\":\"Uova di Pasqua imbottite - Ovetti pelouches - Softies - Pacchetto con 4 soggetti - File per ricamo a macchina ITH e appliqu\u00e8 - CHICCAWORKSHOP STORE\",\"isPartOf\":{\"@id\":\"https:\/\/chiccaworkshop.com\/blog\/store\/#website\"},\"primaryImageOfPage\":{\"@id\":\"https:\/\/chiccaworkshop.com\/blog\/store\/prodotto\/uova-pasqua-imbottite-ovetti-pelouches-softies-pacchetto-4-soggetti-file-ricamo-macchina-ith-applique\/#primaryimage\"},\"image\":{\"@id\":\"https:\/\/chiccaworkshop.com\/blog\/store\/prodotto\/uova-pasqua-imbottite-ovetti-pelouches-softies-pacchetto-4-soggetti-file-ricamo-macchina-ith-applique\/#primaryimage\"},\"thumbnailUrl\":\"https:\/\/i0.wp.com\/chiccaworkshop.com\/blog\/store\/wp-content\/uploads\/sites\/2\/2018\/02\/ovetti-imbottiti-anteprima.jpg?fit=1000%2C690&ssl=1\",\"datePublished\":\"2018-02-25T22:36:59+00:00\",\"dateModified\":\"2025-05-08T08:42:54+00:00\",\"breadcrumb\":{\"@id\":\"https:\/\/chiccaworkshop.com\/blog\/store\/prodotto\/uova-pasqua-imbottite-ovetti-pelouches-softies-pacchetto-4-soggetti-file-ricamo-macchina-ith-applique\/#breadcrumb\"},\"inLanguage\":\"it-IT\",\"potentialAction\":[{\"@type\":\"ReadAction\",\"target\":[\"https:\/\/chiccaworkshop.com\/blog\/store\/prodotto\/uova-pasqua-imbottite-ovetti-pelouches-softies-pacchetto-4-soggetti-file-ricamo-macchina-ith-applique\/\"]}]},{\"@type\":\"ImageObject\",\"inLanguage\":\"it-IT\",\"@id\":\"https:\/\/chiccaworkshop.com\/blog\/store\/prodotto\/uova-pasqua-imbottite-ovetti-pelouches-softies-pacchetto-4-soggetti-file-ricamo-macchina-ith-applique\/#primaryimage\",\"url\":\"https:\/\/i0.wp.com\/chiccaworkshop.com\/blog\/store\/wp-content\/uploads\/sites\/2\/2018\/02\/ovetti-imbottiti-anteprima.jpg?fit=1000%2C690&ssl=1\",\"contentUrl\":\"https:\/\/i0.wp.com\/chiccaworkshop.com\/blog\/store\/wp-content\/uploads\/sites\/2\/2018\/02\/ovetti-imbottiti-anteprima.jpg?fit=1000%2C690&ssl=1\",\"width\":1000,\"height\":690},{\"@type\":\"BreadcrumbList\",\"@id\":\"https:\/\/chiccaworkshop.com\/blog\/store\/prodotto\/uova-pasqua-imbottite-ovetti-pelouches-softies-pacchetto-4-soggetti-file-ricamo-macchina-ith-applique\/#breadcrumb\",\"itemListElement\":[{\"@type\":\"ListItem\",\"position\":1,\"name\":\"Home\",\"item\":\"https:\/\/chiccaworkshop.com\/blog\/store\/\"},{\"@type\":\"ListItem\",\"position\":2,\"name\":\"Shop\",\"item\":\"https:\/\/chiccaworkshop.com\/blog\/store\/negozio\/\"},{\"@type\":\"ListItem\",\"position\":3,\"name\":\"Uova di Pasqua imbottite &#8211; Ovetti pelouches &#8211; Softies &#8211; Pacchetto con 4 soggetti &#8211; File per ricamo a macchina ITH e appliqu\u00e8\"}]},{\"@type\":\"WebSite\",\"@id\":\"https:\/\/chiccaworkshop.com\/blog\/store\/#website\",\"url\":\"https:\/\/chiccaworkshop.com\/blog\/store\/\",\"name\":\"CHICCAWORKSHOP STORE\",\"description\":\"CHIACCAWORKSHOP STORE\",\"publisher\":{\"@id\":\"https:\/\/chiccaworkshop.com\/blog\/store\/#\/schema\/person\/9ef63677b7feef152a7042148a1886e9\"},\"potentialAction\":[{\"@type\":\"SearchAction\",\"target\":{\"@type\":\"EntryPoint\",\"urlTemplate\":\"https:\/\/chiccaworkshop.com\/blog\/store\/?s={search_term_string}\"},\"query-input\":\"required name=search_term_string\"}],\"inLanguage\":\"it-IT\"},{\"@type\":[\"Person\",\"Organization\"],\"@id\":\"https:\/\/chiccaworkshop.com\/blog\/store\/#\/schema\/person\/9ef63677b7feef152a7042148a1886e9\",\"name\":\"CHICCA\",\"image\":{\"@type\":\"ImageObject\",\"inLanguage\":\"it-IT\",\"@id\":\"https:\/\/chiccaworkshop.com\/blog\/store\/#\/schema\/person\/image\/\",\"url\":\"https:\/\/i0.wp.com\/chiccaworkshop.com\/blog\/store\/wp-content\/uploads\/sites\/2\/2017\/09\/store-nero.png?fit=446%2C108&ssl=1\",\"contentUrl\":\"https:\/\/i0.wp.com\/chiccaworkshop.com\/blog\/store\/wp-content\/uploads\/sites\/2\/2017\/09\/store-nero.png?fit=446%2C108&ssl=1\",\"width\":446,\"height\":108,\"caption\":\"CHICCA\"},\"logo\":{\"@id\":\"https:\/\/chiccaworkshop.com\/blog\/store\/#\/schema\/person\/image\/\"},\"sameAs\":[\"https:\/\/chiccaworkshop.com\/blog\",\"https:\/\/www.facebook.com\/chiccaworkshop\/\",\"https:\/\/www.instagram.com\/chiccaworkshop\/\",\"https:\/\/www.pinterest.it\/chiccaworkshop\/\",\"https:\/\/twitter.com\/chiccaworkshop\",\"https:\/\/www.youtube.com\/channel\/UCapT3yDiMNoVj85UamYMWYg?view_as=subscriber\"]}]}<\/script>\n<!-- \/ Yoast SEO plugin. -->","yoast_head_json":{"title":"Uova di Pasqua imbottite - Ovetti pelouches - Softies - Pacchetto con 4 soggetti - File per ricamo a macchina ITH e appliqu\u00e8 - CHICCAWORKSHOP STORE","robots":{"index":"index","follow":"follow","max-snippet":"max-snippet:-1","max-image-preview":"max-image-preview:large","max-video-preview":"max-video-preview:-1"},"canonical":"https:\/\/chiccaworkshop.com\/blog\/store\/prodotto\/uova-pasqua-imbottite-ovetti-pelouches-softies-pacchetto-4-soggetti-file-ricamo-macchina-ith-applique\/","og_locale":"it_IT","og_type":"article","og_title":"Uova di Pasqua imbottite - Ovetti pelouches - Softies - Pacchetto con 4 soggetti - File per ricamo a macchina ITH e appliqu\u00e8 - CHICCAWORKSHOP STORE","og_description":"Quest'anno le uova di pasqua prendono una forma allegra e interessante, non fatte di cioccolato ma ripiene di cartamoneta :)  Il pacchetto contiene i 4 ovetti pi\u00f9 una versione in inglese per quello con la scritta Buona Pasqua.  Se si desidera acquistare uno solo dei soggetti, potete contattarmi per richiederlo, il costo unitario \u00e8 di Euro 5,50  Si realizzano nel telaio minimo 130x180 (5x7') con la tecnica ITH (in the hoop) e in applicazione per il taschino.  l dowload \u00e8 immediato in formato zip e contiene i 4 ovetti in 6 diverse estensioni I formati disponibili sono: .dst .jef .pes .vip .vp3 .hus","og_url":"https:\/\/chiccaworkshop.com\/blog\/store\/prodotto\/uova-pasqua-imbottite-ovetti-pelouches-softies-pacchetto-4-soggetti-file-ricamo-macchina-ith-applique\/","og_site_name":"CHICCAWORKSHOP STORE","article_publisher":"https:\/\/www.facebook.com\/chiccaworkshop\/","article_modified_time":"2025-05-08T08:42:54+00:00","og_image":[{"width":1000,"height":690,"url":"https:\/\/chiccaworkshop.com\/blog\/store\/wp-content\/uploads\/sites\/2\/2018\/02\/ovetti-imbottiti-anteprima.jpg","type":"image\/jpeg"}],"twitter_card":"summary_large_image","twitter_site":"@chiccaworkshop","twitter_misc":{"Tempo di lettura stimato":"1 minuto"},"schema":{"@context":"https:\/\/schema.org","@graph":[{"@type":"WebPage","@id":"https:\/\/chiccaworkshop.com\/blog\/store\/prodotto\/uova-pasqua-imbottite-ovetti-pelouches-softies-pacchetto-4-soggetti-file-ricamo-macchina-ith-applique\/","url":"https:\/\/chiccaworkshop.com\/blog\/store\/prodotto\/uova-pasqua-imbottite-ovetti-pelouches-softies-pacchetto-4-soggetti-file-ricamo-macchina-ith-applique\/","name":"Uova di Pasqua imbottite - Ovetti pelouches - Softies - Pacchetto con 4 soggetti - File per ricamo a macchina ITH e appliqu\u00e8 - CHICCAWORKSHOP STORE","isPartOf":{"@id":"https:\/\/chiccaworkshop.com\/blog\/store\/#website"},"primaryImageOfPage":{"@id":"https:\/\/chiccaworkshop.com\/blog\/store\/prodotto\/uova-pasqua-imbottite-ovetti-pelouches-softies-pacchetto-4-soggetti-file-ricamo-macchina-ith-applique\/#primaryimage"},"image":{"@id":"https:\/\/chiccaworkshop.com\/blog\/store\/prodotto\/uova-pasqua-imbottite-ovetti-pelouches-softies-pacchetto-4-soggetti-file-ricamo-macchina-ith-applique\/#primaryimage"},"thumbnailUrl":"https:\/\/i0.wp.com\/chiccaworkshop.com\/blog\/store\/wp-content\/uploads\/sites\/2\/2018\/02\/ovetti-imbottiti-anteprima.jpg?fit=1000%2C690&ssl=1","datePublished":"2018-02-25T22:36:59+00:00","dateModified":"2025-05-08T08:42:54+00:00","breadcrumb":{"@id":"https:\/\/chiccaworkshop.com\/blog\/store\/prodotto\/uova-pasqua-imbottite-ovetti-pelouches-softies-pacchetto-4-soggetti-file-ricamo-macchina-ith-applique\/#breadcrumb"},"inLanguage":"it-IT","potentialAction":[{"@type":"ReadAction","target":["https:\/\/chiccaworkshop.com\/blog\/store\/prodotto\/uova-pasqua-imbottite-ovetti-pelouches-softies-pacchetto-4-soggetti-file-ricamo-macchina-ith-applique\/"]}]},{"@type":"ImageObject","inLanguage":"it-IT","@id":"https:\/\/chiccaworkshop.com\/blog\/store\/prodotto\/uova-pasqua-imbottite-ovetti-pelouches-softies-pacchetto-4-soggetti-file-ricamo-macchina-ith-applique\/#primaryimage","url":"https:\/\/i0.wp.com\/chiccaworkshop.com\/blog\/store\/wp-content\/uploads\/sites\/2\/2018\/02\/ovetti-imbottiti-anteprima.jpg?fit=1000%2C690&ssl=1","contentUrl":"https:\/\/i0.wp.com\/chiccaworkshop.com\/blog\/store\/wp-content\/uploads\/sites\/2\/2018\/02\/ovetti-imbottiti-anteprima.jpg?fit=1000%2C690&ssl=1","width":1000,"height":690},{"@type":"BreadcrumbList","@id":"https:\/\/chiccaworkshop.com\/blog\/store\/prodotto\/uova-pasqua-imbottite-ovetti-pelouches-softies-pacchetto-4-soggetti-file-ricamo-macchina-ith-applique\/#breadcrumb","itemListElement":[{"@type":"ListItem","position":1,"name":"Home","item":"https:\/\/chiccaworkshop.com\/blog\/store\/"},{"@type":"ListItem","position":2,"name":"Shop","item":"https:\/\/chiccaworkshop.com\/blog\/store\/negozio\/"},{"@type":"ListItem","position":3,"name":"Uova di Pasqua imbottite &#8211; Ovetti pelouches &#8211; Softies &#8211; Pacchetto con 4 soggetti &#8211; File per ricamo a macchina ITH e appliqu\u00e8"}]},{"@type":"WebSite","@id":"https:\/\/chiccaworkshop.com\/blog\/store\/#website","url":"https:\/\/chiccaworkshop.com\/blog\/store\/","name":"CHICCAWORKSHOP STORE","description":"CHIACCAWORKSHOP STORE","publisher":{"@id":"https:\/\/chiccaworkshop.com\/blog\/store\/#\/schema\/person\/9ef63677b7feef152a7042148a1886e9"},"potentialAction":[{"@type":"SearchAction","target":{"@type":"EntryPoint","urlTemplate":"https:\/\/chiccaworkshop.com\/blog\/store\/?s={search_term_string}"},"query-input":"required name=search_term_string"}],"inLanguage":"it-IT"},{"@type":["Person","Organization"],"@id":"https:\/\/chiccaworkshop.com\/blog\/store\/#\/schema\/person\/9ef63677b7feef152a7042148a1886e9","name":"CHICCA","image":{"@type":"ImageObject","inLanguage":"it-IT","@id":"https:\/\/chiccaworkshop.com\/blog\/store\/#\/schema\/person\/image\/","url":"https:\/\/i0.wp.com\/chiccaworkshop.com\/blog\/store\/wp-content\/uploads\/sites\/2\/2017\/09\/store-nero.png?fit=446%2C108&ssl=1","contentUrl":"https:\/\/i0.wp.com\/chiccaworkshop.com\/blog\/store\/wp-content\/uploads\/sites\/2\/2017\/09\/store-nero.png?fit=446%2C108&ssl=1","width":446,"height":108,"caption":"CHICCA"},"logo":{"@id":"https:\/\/chiccaworkshop.com\/blog\/store\/#\/schema\/person\/image\/"},"sameAs":["https:\/\/chiccaworkshop.com\/blog","https:\/\/www.facebook.com\/chiccaworkshop\/","https:\/\/www.instagram.com\/chiccaworkshop\/","https:\/\/www.pinterest.it\/chiccaworkshop\/","https:\/\/twitter.com\/chiccaworkshop","https:\/\/www.youtube.com\/channel\/UCapT3yDiMNoVj85UamYMWYg?view_as=subscriber"]}]}},"jetpack_sharing_enabled":true,"jetpack-related-posts":[],"jetpack_likes_enabled":true,"_links":{"self":[{"href":"https:\/\/chiccaworkshop.com\/blog\/store\/wp-json\/wp\/v2\/product\/612","targetHints":{"allow":["GET"]}}],"collection":[{"href":"https:\/\/chiccaworkshop.com\/blog\/store\/wp-json\/wp\/v2\/product"}],"about":[{"href":"https:\/\/chiccaworkshop.com\/blog\/store\/wp-json\/wp\/v2\/types\/product"}],"replies":[{"embeddable":true,"href":"https:\/\/chiccaworkshop.com\/blog\/store\/wp-json\/wp\/v2\/comments?post=612"}],"wp:featuredmedia":[{"embeddable":true,"href":"https:\/\/chiccaworkshop.com\/blog\/store\/wp-json\/wp\/v2\/media\/615"}],"wp:attachment":[{"href":"https:\/\/chiccaworkshop.com\/blog\/store\/wp-json\/wp\/v2\/media?parent=612"}],"wp:term":[{"taxonomy":"product_brand","embeddable":true,"href":"https:\/\/chiccaworkshop.com\/blog\/store\/wp-json\/wp\/v2\/product_brand?post=612"},{"taxonomy":"product_cat","embeddable":true,"href":"https:\/\/chiccaworkshop.com\/blog\/store\/wp-json\/wp\/v2\/product_cat?post=612"},{"taxonomy":"product_tag","embeddable":true,"href":"https:\/\/chiccaworkshop.com\/blog\/store\/wp-json\/wp\/v2\/product_tag?post=612"}],"curies":[{"name":"wp","href":"https:\/\/api.w.org\/{rel}","templated":true}]}}